{"id":9476,"date":"2025-07-02T14:11:14","date_gmt":"2025-07-02T14:11:14","guid":{"rendered":"https:\/\/mjrecycling.com\/conditions-dutilisation\/"},"modified":"2025-10-30T12:25:57","modified_gmt":"2025-10-30T12:25:57","slug":"conditions-dutilisation","status":"publish","type":"page","link":"https:\/\/mjsandbox.bording-danmark.dk\/fr\/legal\/conditions-dutilisation\/","title":{"rendered":"Conditions d&rsquo;utilisation"},"content":{"rendered":"<p>[et_pb_section fb_built=\u00a0\u00bb1&Prime; _builder_version=\u00a0\u00bb4.27.4&Prime; _module_preset=\u00a0\u00bbdefault\u00a0\u00bb da_disable_devices=\u00a0\u00bboff|off|off\u00a0\u00bb global_colors_info=\u00a0\u00bb{}\u00a0\u00bb theme_builder_area=\u00a0\u00bbpost_content\u00a0\u00bb da_is_popup=\u00a0\u00bboff\u00a0\u00bb da_exit_intent=\u00a0\u00bboff\u00a0\u00bb da_has_close=\u00a0\u00bbon\u00a0\u00bb da_alt_close=\u00a0\u00bboff\u00a0\u00bb da_dark_close=\u00a0\u00bboff\u00a0\u00bb da_not_modal=\u00a0\u00bbon\u00a0\u00bb da_is_singular=\u00a0\u00bboff\u00a0\u00bb da_with_loader=\u00a0\u00bboff\u00a0\u00bb da_has_shadow=\u00a0\u00bbon\u00a0\u00bb][et_pb_row _builder_version=\u00a0\u00bb4.27.4&Prime; _module_preset=\u00a0\u00bbdefault\u00a0\u00bb global_colors_info=\u00a0\u00bb{}\u00a0\u00bb theme_builder_area=\u00a0\u00bbpost_content\u00a0\u00bb][et_pb_column type=\u00a0\u00bb4_4&Prime; _builder_version=\u00a0\u00bb4.27.4&Prime; _module_preset=\u00a0\u00bbdefault\u00a0\u00bb global_colors_info=\u00a0\u00bb{}\u00a0\u00bb theme_builder_area=\u00a0\u00bbpost_content\u00a0\u00bb][et_pb_text _builder_version=\u00a0\u00bb4.27.4&Prime; _module_preset=\u00a0\u00bbdefault\u00a0\u00bb text_font=\u00a0\u00bb&#8211;et_global_body_font||||||||\u00a0\u00bb text_line_height=\u00a0\u00bb22px\u00a0\u00bb text_font_size_tablet=\u00a0\u00bb\u00a0\u00bb text_font_size_phone=\u00a0\u00bb14px\u00a0\u00bb text_font_size_last_edited=\u00a0\u00bbon|phone\u00a0\u00bb text_line_height_tablet=\u00a0\u00bb22px\u00a0\u00bb text_line_height_phone=\u00a0\u00bb20px\u00a0\u00bb text_line_height_last_edited=\u00a0\u00bbon|phone\u00a0\u00bb global_colors_info=\u00a0\u00bb{}\u00a0\u00bb theme_builder_area=\u00a0\u00bbpost_content\u00a0\u00bb]<\/p>\n<p>Veuillez lire attentivement ces conditions avant d&rsquo;acc\u00e9der aux pages des sites web de M&amp;J Denmark.<\/p>\n<p>Le contenu de ces pages est la propri\u00e9t\u00e9 de M&amp;J Denmark A\/S (ci-apr\u00e8s d\u00e9nomm\u00e9e M&amp;J Recycling ou M&amp;J). En acc\u00e9dant aux pages web de M&amp;J Recycling et en les utilisant, vous acceptez les conditions suivantes. Ce site est prot\u00e9g\u00e9 par le droit d&rsquo;auteur, tous les droits \u00e9tant d\u00e9tenus par M&amp;J Recycling. Tous droits r\u00e9serv\u00e9s. M&amp;J Recycling, le logo M&amp;J et les noms des produits M&amp;J Recycling sont des marques d\u00e9pos\u00e9es de M&amp;J Recycling.    <\/p>\n<p>La reproduction, le transfert, la distribution ou le stockage de ces informations sous quelque forme que ce soit sans l&rsquo;autorisation \u00e9crite pr\u00e9alable de M&amp;J Recycling sont interdits. Toutefois, M&amp;J Recycling vous autorise \u00e0 stocker sur votre ordinateur ou \u00e0 imprimer des extraits de ces pages pour votre usage personnel uniquement. Certains documents du site web de M&amp;J Recycling peuvent \u00eatre soumis \u00e0 des conditions suppl\u00e9mentaires, comme indiqu\u00e9 dans ces documents.  <\/p>\n<p>L\u2019utilisation de communiqu\u00e9s de presse et d\u2019autres documents class\u00e9s comme publics est autoris\u00e9e dans les communications publiques \u00e0 condition que la source de l\u2019information soit mentionn\u00e9e.<\/p>\n<p>Les informations pr\u00e9sentes sur le site web de M&amp;J Recycling sont fournies \u00ab&nbsp;en l\u2019\u00e9tat&nbsp;\u00bb, sans aucune garantie, expresse ou implicite, notamment quant \u00e0 leur qualit\u00e9 marchande, leur ad\u00e9quation \u00e0 un usage particulier ou l\u2019absence de contrefa\u00e7on. En aucun cas, M&amp;J Recycling ne pourra \u00eatre tenu responsable envers quiconque des dommages directs, indirects, sp\u00e9ciaux ou cons\u00e9cutifs r\u00e9sultant de l\u2019utilisation de son site web, y compris, mais sans s\u2019y limiter, les pertes de profits, les interruptions d\u2019activit\u00e9, la perte de programmes ou d\u2019autres donn\u00e9es sur votre syst\u00e8me informatique. Ni ce site ni le serveur qui l\u2019h\u00e9berge ne sont garantis exempts de virus ou d\u2019autres \u00e9l\u00e9ments nuisibles.  <\/p>\n<p>Les informations pr\u00e9sentes sur le site web de M&amp;J Recycling peuvent contenir des inexactitudes ou des donn\u00e9es obsol\u00e8tes. Ces informations peuvent \u00eatre modifi\u00e9es ou mises \u00e0 jour sans pr\u00e9avis, et M&amp;J Recycling se r\u00e9serve le droit d&rsquo;apporter des am\u00e9liorations et\/ou des modifications aux pages du site web, ou d&rsquo;en restreindre l&rsquo;acc\u00e8s, \u00e0 tout moment. Le site web de M&amp;J Recycling peut \u00e9galement contenir des r\u00e9f\u00e9rences \u00e0 des produits ou services M&amp;J Recycling non disponibles dans votre pays. Veuillez contacter votre repr\u00e9sentant local M&amp;J Recycling pour obtenir des informations sur la disponibilit\u00e9 des produits M&amp;J Recycling dans votre pays.   <\/p>\n<p>M&amp;J Recycling n&rsquo;offre aucune garantie quant au contenu des sites web externes accessibles via son propre site. Si vous acc\u00e9dez \u00e0 un site web autre que celui de M&amp;J Recycling, veuillez noter qu&rsquo;il est ind\u00e9pendant de M&amp;J Recycling. M&amp;J Recycling d\u00e9cline toute responsabilit\u00e9 concernant les contenus cr\u00e9\u00e9s ou publi\u00e9s par des tiers et accessibles via un lien depuis son site.  <\/p>\n<p>En soumettant des commentaires ou des documents \u00e0 nos serveurs, par exemple par courriel ou via ce site Internet, vous acceptez que ces informations soient communiqu\u00e9es en sachant qu&rsquo;elles ne sont ni confidentielles ni exclusives et qu&rsquo;elles peuvent \u00eatre publi\u00e9es par M&amp;J Recycling. Vous garantissez \u00e9galement que ces documents sont adapt\u00e9s \u00e0 la publication. En soumettant des documents, vous autorisez M&amp;J Recycling \u00e0 les publier et \u00e0 les utiliser \u00e0 toutes fins utiles, y compris \u00e0 int\u00e9grer les concepts qui y sont d\u00e9crits dans ses produits, sans engager sa responsabilit\u00e9. <\/p>\n<p>Vous acceptez d&rsquo;indemniser M&amp;J Recycling contre toute action intent\u00e9e par un tiers \u00e0 notre encontre concernant les documents que vous soumettez. Vous acceptez \u00e9galement de ne pas intenter d&rsquo;action contre nous concernant ces documents. <\/p>\n<p>Si vous d\u00e9couvrez du contenu ou des liens portant atteinte aux droits d&rsquo;auteur sur le site web de M&amp;J Recycling, veuillez nous en informer afin que nous puissions prendre les mesures correctives n\u00e9cessaires.<\/p>\n<p><strong>D\u00e9clarations prospectives<\/strong><\/p>\n<p>Il convient de noter que certaines d\u00e9clarations contenues dans le pr\u00e9sent document, autres que les faits historiques, notamment celles relatives aux perspectives de conjoncture \u00e9conomique g\u00e9n\u00e9rale et de situation du march\u00e9, aux pr\u00e9visions de rentabilit\u00e9 et d&rsquo;investissement du secteur d&rsquo;activit\u00e9 des clients, aux perspectives de croissance, de d\u00e9veloppement et de rentabilit\u00e9 de l&rsquo;entreprise, ainsi qu&rsquo;\u00e0 la r\u00e9alisation des synergies et des \u00e9conomies de co\u00fbts, et les d\u00e9clarations introduites par les termes \u00ab pr\u00e9voit \u00bb, \u00ab estime \u00bb, \u00ab anticipe \u00bb ou des expressions similaires, constituent des \u00e9nonc\u00e9s prospectifs. Ces \u00e9nonc\u00e9s reposent sur les d\u00e9cisions et les plans actuels et sur les facteurs actuellement connus. Ils comportent des risques et des incertitudes susceptibles d&rsquo;entra\u00eener une diff\u00e9rence significative entre les r\u00e9sultats r\u00e9els et les r\u00e9sultats actuellement pr\u00e9vus par l&rsquo;entreprise.  <\/p>\n<p>Ces facteurs comprennent, sans toutefois s&rsquo;y limiter&nbsp;:<\/p>\n<ol>\n<li>Les conditions \u00e9conomiques g\u00e9n\u00e9rales, notamment les fluctuations des taux de change et des niveaux d&rsquo;int\u00e9r\u00eat, qui influent sur l&rsquo;environnement op\u00e9rationnel et la rentabilit\u00e9 des clients et, par cons\u00e9quent, sur les commandes re\u00e7ues par l&rsquo;entreprise et leurs marges.<\/li>\n<li>La situation concurrentielle, notamment les solutions technologiques importantes d\u00e9velopp\u00e9es par les concurrents<\/li>\n<li>Les conditions op\u00e9rationnelles propres \u00e0 l&rsquo;entreprise, telles que le succ\u00e8s de la production, du d\u00e9veloppement des produits et de la gestion des projets, ainsi que leur d\u00e9veloppement et leur am\u00e9lioration continus, sont essentielles.<\/li>\n<li>Le succ\u00e8s des acquisitions et restructurations en cours et \u00e0 venir<\/li>\n<\/ol>\n<p>[\/et_pb_text][\/et_pb_column][\/et_pb_row][\/et_pb_section]<\/p>\n","protected":false},"excerpt":{"rendered":"<p>Veuillez lire attentivement ces conditions avant d&rsquo;acc\u00e9der aux pages des sites web de M&amp;J Denmark. Le contenu de ces pages est la propri\u00e9t\u00e9 de M&amp;J Denmark A\/S (ci-apr\u00e8s d\u00e9nomm\u00e9e M&amp;J Recycling ou M&amp;J). En acc\u00e9dant aux pages web de M&amp;J Recycling et en les utilisant, vous acceptez les conditions suivantes. Ce site est prot\u00e9g\u00e9 par [&hellip;]<\/p>\n","protected":false},"author":5,"featured_media":9475,"parent":9672,"menu_order":0,"comment_status":"closed","ping_status":"closed","template":"","meta":{"_acf_changed":false,"_et_pb_use_builder":"on","_et_pb_old_content":"","_et_gb_content_width":"","bdk_page_class":"","footnotes":""},"class_list":["post-9476","page","type-page","status-publish","has-post-thumbnail","hentry"],"acf":[],"yoast_head":"<!-- This site is optimized with the Yoast SEO plugin v27.3 - https:\/\/yoast.com\/product\/yoast-seo-wordpress\/ -->\n<title>Conditions d&#039;utilisation - M&amp;J Superior Recycling Technology<\/title>\n<meta name=\"description\" content=\"D\u00e9couvrez les conditions d&#039;utilisation de M&amp;J Superior Recycling Technology. Cliquez pour en savoir plus.\" \/>\n<meta name=\"robots\" content=\"noindex, follow, max-snippet:-1, max-image-preview:large, max-video-preview:-1\" \/>\n<meta property=\"og:locale\" content=\"fr_FR\" \/>\n<meta property=\"og:type\" content=\"article\" \/>\n<meta property=\"og:title\" content=\"Conditions d&#039;utilisation - M&amp;J Superior Recycling Technology\" \/>\n<meta property=\"og:description\" content=\"D\u00e9couvrez les conditions d&#039;utilisation de M&amp;J Superior Recycling Technology. Cliquez pour en savoir plus.\" \/>\n<meta property=\"og:url\" content=\"https:\/\/mjsandbox.bording-danmark.dk\/fr\/legal\/conditions-dutilisation\/\" \/>\n<meta property=\"og:site_name\" content=\"M&amp;J\" \/>\n<meta property=\"article:modified_time\" content=\"2025-10-30T12:25:57+00:00\" \/>\n<meta property=\"og:image\" content=\"https:\/\/mjsandbox.bording-danmark.dk\/wp-content\/uploads\/2025\/08\/Terms_of_use_Herro.jpg\" \/>\n\t<meta property=\"og:image:width\" content=\"1920\" \/>\n\t<meta property=\"og:image:height\" content=\"800\" \/>\n\t<meta property=\"og:image:type\" content=\"image\/jpeg\" \/>\n<meta name=\"twitter:card\" content=\"summary_large_image\" \/>\n<meta name=\"twitter:label1\" content=\"Dur\u00e9e de lecture estim\u00e9e\" \/>\n\t<meta name=\"twitter:data1\" content=\"6 minutes\" \/>\n<script type=\"application\/ld+json\" class=\"yoast-schema-graph\">{\"@context\":\"https:\\\/\\\/schema.org\",\"@graph\":[{\"@type\":\"WebPage\",\"@id\":\"https:\\\/\\\/mjsandbox.bording-danmark.dk\\\/fr\\\/legal\\\/conditions-dutilisation\\\/\",\"url\":\"https:\\\/\\\/mjsandbox.bording-danmark.dk\\\/fr\\\/legal\\\/conditions-dutilisation\\\/\",\"name\":\"Conditions d'utilisation - M&J Superior Recycling Technology\",\"isPartOf\":{\"@id\":\"https:\\\/\\\/mjsandbox.bording-danmark.dk\\\/fr\\\/#website\"},\"primaryImageOfPage\":{\"@id\":\"https:\\\/\\\/mjsandbox.bording-danmark.dk\\\/fr\\\/legal\\\/conditions-dutilisation\\\/#primaryimage\"},\"image\":{\"@id\":\"https:\\\/\\\/mjsandbox.bording-danmark.dk\\\/fr\\\/legal\\\/conditions-dutilisation\\\/#primaryimage\"},\"thumbnailUrl\":\"https:\\\/\\\/mjsandbox.bording-danmark.dk\\\/wp-content\\\/uploads\\\/2025\\\/08\\\/Terms_of_use_Herro.jpg\",\"datePublished\":\"2025-07-02T14:11:14+00:00\",\"dateModified\":\"2025-10-30T12:25:57+00:00\",\"description\":\"D\u00e9couvrez les conditions d'utilisation de M&J Superior Recycling Technology. Cliquez pour en savoir plus.\",\"breadcrumb\":{\"@id\":\"https:\\\/\\\/mjsandbox.bording-danmark.dk\\\/fr\\\/legal\\\/conditions-dutilisation\\\/#breadcrumb\"},\"inLanguage\":\"fr-FR\",\"potentialAction\":[{\"@type\":\"ReadAction\",\"target\":[\"https:\\\/\\\/mjsandbox.bording-danmark.dk\\\/fr\\\/legal\\\/conditions-dutilisation\\\/\"]}]},{\"@type\":\"ImageObject\",\"inLanguage\":\"fr-FR\",\"@id\":\"https:\\\/\\\/mjsandbox.bording-danmark.dk\\\/fr\\\/legal\\\/conditions-dutilisation\\\/#primaryimage\",\"url\":\"https:\\\/\\\/mjsandbox.bording-danmark.dk\\\/wp-content\\\/uploads\\\/2025\\\/08\\\/Terms_of_use_Herro.jpg\",\"contentUrl\":\"https:\\\/\\\/mjsandbox.bording-danmark.dk\\\/wp-content\\\/uploads\\\/2025\\\/08\\\/Terms_of_use_Herro.jpg\",\"width\":1920,\"height\":800},{\"@type\":\"BreadcrumbList\",\"@id\":\"https:\\\/\\\/mjsandbox.bording-danmark.dk\\\/fr\\\/legal\\\/conditions-dutilisation\\\/#breadcrumb\",\"itemListElement\":[{\"@type\":\"ListItem\",\"position\":1,\"name\":\"Home\",\"item\":\"https:\\\/\\\/mjsandbox.bording-danmark.dk\\\/fr\\\/home\\\/\"},{\"@type\":\"ListItem\",\"position\":2,\"name\":\"L\u00e9gal\",\"item\":\"https:\\\/\\\/mjsandbox.bording-danmark.dk\\\/fr\\\/legal\\\/\"},{\"@type\":\"ListItem\",\"position\":3,\"name\":\"Conditions d&#8217;utilisation\"}]},{\"@type\":\"WebSite\",\"@id\":\"https:\\\/\\\/mjsandbox.bording-danmark.dk\\\/fr\\\/#website\",\"url\":\"https:\\\/\\\/mjsandbox.bording-danmark.dk\\\/fr\\\/\",\"name\":\"M&J Recycling\",\"description\":\"\",\"potentialAction\":[{\"@type\":\"SearchAction\",\"target\":{\"@type\":\"EntryPoint\",\"urlTemplate\":\"https:\\\/\\\/mjsandbox.bording-danmark.dk\\\/fr\\\/?s={search_term_string}\"},\"query-input\":{\"@type\":\"PropertyValueSpecification\",\"valueRequired\":true,\"valueName\":\"search_term_string\"}}],\"inLanguage\":\"fr-FR\"}]}<\/script>\n<!-- \/ Yoast SEO plugin. -->","yoast_head_json":{"title":"Conditions d'utilisation - M&J Superior Recycling Technology","description":"D\u00e9couvrez les conditions d'utilisation de M&J Superior Recycling Technology. Cliquez pour en savoir plus.","robots":{"index":"noindex","follow":"follow","max-snippet":"max-snippet:-1","max-image-preview":"max-image-preview:large","max-video-preview":"max-video-preview:-1"},"og_locale":"fr_FR","og_type":"article","og_title":"Conditions d'utilisation - M&J Superior Recycling Technology","og_description":"D\u00e9couvrez les conditions d'utilisation de M&J Superior Recycling Technology. Cliquez pour en savoir plus.","og_url":"https:\/\/mjsandbox.bording-danmark.dk\/fr\/legal\/conditions-dutilisation\/","og_site_name":"M&amp;J","article_modified_time":"2025-10-30T12:25:57+00:00","og_image":[{"width":1920,"height":800,"url":"https:\/\/mjsandbox.bording-danmark.dk\/wp-content\/uploads\/2025\/08\/Terms_of_use_Herro.jpg","type":"image\/jpeg"}],"twitter_card":"summary_large_image","twitter_misc":{"Dur\u00e9e de lecture estim\u00e9e":"6 minutes"},"schema":{"@context":"https:\/\/schema.org","@graph":[{"@type":"WebPage","@id":"https:\/\/mjsandbox.bording-danmark.dk\/fr\/legal\/conditions-dutilisation\/","url":"https:\/\/mjsandbox.bording-danmark.dk\/fr\/legal\/conditions-dutilisation\/","name":"Conditions d'utilisation - M&J Superior Recycling Technology","isPartOf":{"@id":"https:\/\/mjsandbox.bording-danmark.dk\/fr\/#website"},"primaryImageOfPage":{"@id":"https:\/\/mjsandbox.bording-danmark.dk\/fr\/legal\/conditions-dutilisation\/#primaryimage"},"image":{"@id":"https:\/\/mjsandbox.bording-danmark.dk\/fr\/legal\/conditions-dutilisation\/#primaryimage"},"thumbnailUrl":"https:\/\/mjsandbox.bording-danmark.dk\/wp-content\/uploads\/2025\/08\/Terms_of_use_Herro.jpg","datePublished":"2025-07-02T14:11:14+00:00","dateModified":"2025-10-30T12:25:57+00:00","description":"D\u00e9couvrez les conditions d'utilisation de M&J Superior Recycling Technology. Cliquez pour en savoir plus.","breadcrumb":{"@id":"https:\/\/mjsandbox.bording-danmark.dk\/fr\/legal\/conditions-dutilisation\/#breadcrumb"},"inLanguage":"fr-FR","potentialAction":[{"@type":"ReadAction","target":["https:\/\/mjsandbox.bording-danmark.dk\/fr\/legal\/conditions-dutilisation\/"]}]},{"@type":"ImageObject","inLanguage":"fr-FR","@id":"https:\/\/mjsandbox.bording-danmark.dk\/fr\/legal\/conditions-dutilisation\/#primaryimage","url":"https:\/\/mjsandbox.bording-danmark.dk\/wp-content\/uploads\/2025\/08\/Terms_of_use_Herro.jpg","contentUrl":"https:\/\/mjsandbox.bording-danmark.dk\/wp-content\/uploads\/2025\/08\/Terms_of_use_Herro.jpg","width":1920,"height":800},{"@type":"BreadcrumbList","@id":"https:\/\/mjsandbox.bording-danmark.dk\/fr\/legal\/conditions-dutilisation\/#breadcrumb","itemListElement":[{"@type":"ListItem","position":1,"name":"Home","item":"https:\/\/mjsandbox.bording-danmark.dk\/fr\/home\/"},{"@type":"ListItem","position":2,"name":"L\u00e9gal","item":"https:\/\/mjsandbox.bording-danmark.dk\/fr\/legal\/"},{"@type":"ListItem","position":3,"name":"Conditions d&#8217;utilisation"}]},{"@type":"WebSite","@id":"https:\/\/mjsandbox.bording-danmark.dk\/fr\/#website","url":"https:\/\/mjsandbox.bording-danmark.dk\/fr\/","name":"M&J Recycling","description":"","potentialAction":[{"@type":"SearchAction","target":{"@type":"EntryPoint","urlTemplate":"https:\/\/mjsandbox.bording-danmark.dk\/fr\/?s={search_term_string}"},"query-input":{"@type":"PropertyValueSpecification","valueRequired":true,"valueName":"search_term_string"}}],"inLanguage":"fr-FR"}]}},"_links":{"self":[{"href":"https:\/\/mjsandbox.bording-danmark.dk\/fr\/wp-json\/wp\/v2\/pages\/9476","targetHints":{"allow":["GET"]}}],"collection":[{"href":"https:\/\/mjsandbox.bording-danmark.dk\/fr\/wp-json\/wp\/v2\/pages"}],"about":[{"href":"https:\/\/mjsandbox.bording-danmark.dk\/fr\/wp-json\/wp\/v2\/types\/page"}],"author":[{"embeddable":true,"href":"https:\/\/mjsandbox.bording-danmark.dk\/fr\/wp-json\/wp\/v2\/users\/5"}],"replies":[{"embeddable":true,"href":"https:\/\/mjsandbox.bording-danmark.dk\/fr\/wp-json\/wp\/v2\/comments?post=9476"}],"version-history":[{"count":0,"href":"https:\/\/mjsandbox.bording-danmark.dk\/fr\/wp-json\/wp\/v2\/pages\/9476\/revisions"}],"up":[{"embeddable":true,"href":"https:\/\/mjsandbox.bording-danmark.dk\/fr\/wp-json\/wp\/v2\/pages\/9672"}],"wp:featuredmedia":[{"embeddable":true,"href":"https:\/\/mjsandbox.bording-danmark.dk\/fr\/wp-json\/wp\/v2\/media\/9475"}],"wp:attachment":[{"href":"https:\/\/mjsandbox.bording-danmark.dk\/fr\/wp-json\/wp\/v2\/media?parent=9476"}],"curies":[{"name":"wp","href":"https:\/\/api.w.org\/{rel}","templated":true}]}}