{"id":9397,"date":"2025-07-01T10:46:53","date_gmt":"2025-07-01T10:46:53","guid":{"rendered":"https:\/\/mjrecycling.com\/lanceur-dalerte\/"},"modified":"2025-10-30T12:25:57","modified_gmt":"2025-10-30T12:25:57","slug":"lanceur-dalerte","status":"publish","type":"page","link":"https:\/\/mjsandbox.bording-danmark.dk\/fr\/legal\/lanceur-dalerte\/","title":{"rendered":"lanceur d&rsquo;alerte"},"content":{"rendered":"<p>[et_pb_section fb_built=\u00a0\u00bb1&Prime; custom_padding_last_edited=\u00a0\u00bbon|phone\u00a0\u00bb admin_label=\u00a0\u00bbSection\u00a0\u00bb module_class=\u00a0\u00bbg-24&Prime; _builder_version=\u00a0\u00bb4.27.4&Prime; _module_preset=\u00a0\u00bbdefault\u00a0\u00bb background_enable_color=\u00a0\u00bboff\u00a0\u00bb custom_padding=\u00a0\u00bb96px||96px||true|false\u00a0\u00bb custom_padding_tablet=\u00a0\u00bb60px||60px||true|false\u00a0\u00bb custom_padding_phone=\u00a0\u00bb32px||32px||true|false\u00a0\u00bb da_disable_devices=\u00a0\u00bboff|off|off\u00a0\u00bb locked=\u00a0\u00bboff\u00a0\u00bb global_colors_info=\u00a0\u00bb{}\u00a0\u00bb theme_builder_area=\u00a0\u00bbpost_content\u00a0\u00bb da_is_popup=\u00a0\u00bboff\u00a0\u00bb da_exit_intent=\u00a0\u00bboff\u00a0\u00bb da_has_close=\u00a0\u00bbon\u00a0\u00bb da_alt_close=\u00a0\u00bboff\u00a0\u00bb da_dark_close=\u00a0\u00bboff\u00a0\u00bb da_not_modal=\u00a0\u00bbon\u00a0\u00bb da_is_singular=\u00a0\u00bboff\u00a0\u00bb da_with_loader=\u00a0\u00bboff\u00a0\u00bb da_has_shadow=\u00a0\u00bbon\u00a0\u00bb][et_pb_row column_structure=\u00a0\u00bb1_2,1_2&Prime; make_equal=\u00a0\u00bbon\u00a0\u00bb module_class=\u00a0\u00bbcontent-center\u00a0\u00bb _builder_version=\u00a0\u00bb4.27.4&Prime; _module_preset=\u00a0\u00bbdefault\u00a0\u00bb custom_padding=\u00a0\u00bb0px||0px||true|false\u00a0\u00bb global_colors_info=\u00a0\u00bb{}\u00a0\u00bb theme_builder_area=\u00a0\u00bbpost_content\u00a0\u00bb][et_pb_column type=\u00a0\u00bb1_2&Prime; _builder_version=\u00a0\u00bb4.27.4&Prime; _module_preset=\u00a0\u00bbdefault\u00a0\u00bb animation_style=\u00a0\u00bbslide\u00a0\u00bb animation_direction=\u00a0\u00bbright\u00a0\u00bb animation_intensity_slide=\u00a0\u00bb2%\u00a0\u00bb global_colors_info=\u00a0\u00bb{}\u00a0\u00bb theme_builder_area=\u00a0\u00bbpost_content\u00a0\u00bb][et_pb_blurb title=\u00a0\u00bbSyst\u00e8me de signalement des lanceurs d&#039;alerte\u00a0\u00bb content_max_width=\u00a0\u00bb1100px\u00a0\u00bb module_class=\u00a0\u00bbtext-box\u00a0\u00bb _builder_version=\u00a0\u00bb4.27.4&Prime; _module_preset=\u00a0\u00bbdefault\u00a0\u00bb header_level=\u00a0\u00bbh3&Prime; header_font=\u00a0\u00bb&#8211;et_global_heading_font|900|||||||\u00a0\u00bb header_text_color=\u00a0\u00bb#21282b\u00a0\u00bb header_font_size=\u00a0\u00bb40px\u00a0\u00bb header_letter_spacing=\u00a0\u00bb-0.8px\u00a0\u00bb header_line_height=\u00a0\u00bb1.1em\u00a0\u00bb body_font=\u00a0\u00bbMontserrat||||||||\u00a0\u00bb body_line_height=\u00a0\u00bb22px\u00a0\u00bb header_font_size_tablet=\u00a0\u00bb20px\u00a0\u00bb header_font_size_phone=\u00a0\u00bb20px\u00a0\u00bb header_font_size_last_edited=\u00a0\u00bbon|tablet\u00a0\u00bb body_font_size_tablet=\u00a0\u00bb14px\u00a0\u00bb body_font_size_phone=\u00a0\u00bb14px\u00a0\u00bb body_font_size_last_edited=\u00a0\u00bbon|tablet\u00a0\u00bb global_colors_info=\u00a0\u00bb{}\u00a0\u00bb theme_builder_area=\u00a0\u00bbpost_content\u00a0\u00bb]<\/p>\n<p>Dans le syst\u00e8me de signalement, vous pouvez rapidement et facilement signaler tout comportement fautif, r\u00e9el ou pr\u00e9sum\u00e9, susceptible d&rsquo;affecter notre entreprise ou le bien-\u00eatre des personnes.<\/p>\n<p>[\/et_pb_blurb][et_pb_button button_url=\u00a0\u00bbhttps:\/\/mjrecycling.integrityline.com\/frontpage\u00a0\u00bb url_new_window=\u00a0\u00bbon\u00a0\u00bb button_text=\u00a0\u00bbSuivez ce lien pour ouvrir le portail de signalement\u00a0\u00bb button_alignment=\u00a0\u00bbleft\u00a0\u00bb _builder_version=\u00a0\u00bb4.27.4&Prime; _module_preset=\u00a0\u00bbdefault\u00a0\u00bb custom_button=\u00a0\u00bbon\u00a0\u00bb button_text_size=\u00a0\u00bb16px\u00a0\u00bb button_text_color=\u00a0\u00bb#FFFFFF\u00a0\u00bb button_bg_color=\u00a0\u00bb#21282b\u00a0\u00bb button_border_width=\u00a0\u00bb2px\u00a0\u00bb button_border_color=\u00a0\u00bb#21282b\u00a0\u00bb button_border_radius=\u00a0\u00bb0px\u00a0\u00bb button_font=\u00a0\u00bb&#8211;et_global_body_font|600|||||||\u00a0\u00bb custom_margin=\u00a0\u00bb||0px||false|false\u00a0\u00bb button_text_size_tablet=\u00a0\u00bb16px\u00a0\u00bb button_text_size_phone=\u00a0\u00bb14px\u00a0\u00bb button_text_size_last_edited=\u00a0\u00bbon|phone\u00a0\u00bb global_colors_info=\u00a0\u00bb{}\u00a0\u00bb theme_builder_area=\u00a0\u00bbpost_content\u00a0\u00bb][\/et_pb_button][\/et_pb_column][et_pb_column type=\u00a0\u00bb1_2&Prime; _builder_version=\u00a0\u00bb4.27.4&Prime; _module_preset=\u00a0\u00bbdefault\u00a0\u00bb animation_style=\u00a0\u00bbslide\u00a0\u00bb animation_direction=\u00a0\u00bbbottom\u00a0\u00bb animation_intensity_slide=\u00a0\u00bb3%\u00a0\u00bb global_colors_info=\u00a0\u00bb{}\u00a0\u00bb theme_builder_area=\u00a0\u00bbpost_content\u00a0\u00bb][et_pb_image src=\u00a0\u00bbhttps:\/\/mjsandbox.bording-danmark.dk\/wp-content\/uploads\/2025\/08\/Whistleblower-1.jpg\u00a0\u00bb title_text=\u00a0\u00bblanceur d&#039;alerte\u00a0\u00bb admin_label=\u00a0\u00bbImage\u00a0\u00bb _builder_version=\u00a0\u00bb4.27.4&Prime; _module_preset=\u00a0\u00bbdefault\u00a0\u00bb hover_enabled=\u00a0\u00bb0&Prime; global_colors_info=\u00a0\u00bb{}\u00a0\u00bb theme_builder_area=\u00a0\u00bbpost_content\u00a0\u00bb sticky_enabled=\u00a0\u00bb0&Prime;][\/et_pb_image][\/et_pb_column][\/et_pb_row][\/et_pb_section]<\/p>\n","protected":false},"excerpt":{"rendered":"<p>Dans le syst\u00e8me de signalement, vous pouvez rapidement et facilement signaler tout comportement fautif, r\u00e9el ou pr\u00e9sum\u00e9, susceptible d&rsquo;affecter notre entreprise ou le bien-\u00eatre des personnes.<\/p>\n","protected":false},"author":5,"featured_media":9396,"parent":9672,"menu_order":0,"comment_status":"closed","ping_status":"closed","template":"","meta":{"_acf_changed":false,"_et_pb_use_builder":"on","_et_pb_old_content":"","_et_gb_content_width":"","bdk_page_class":"","footnotes":""},"class_list":["post-9397","page","type-page","status-publish","has-post-thumbnail","hentry"],"acf":[],"yoast_head":"<!-- This site is optimized with the Yoast SEO plugin v27.3 - https:\/\/yoast.com\/product\/yoast-seo-wordpress\/ -->\n<title>Syst\u00e8me de signalement des lanceurs d&#039;alerte chez M&amp;J<\/title>\n<meta name=\"description\" content=\"M&amp;J a mis en place un syst\u00e8me de signalement pour les lanceurs d&#039;alerte en cas de pr\u00e9occupations concernant des fautes av\u00e9r\u00e9es ou pr\u00e9sum\u00e9es. Pour en savoir plus sur ce syst\u00e8me, cliquez ici.\" \/>\n<meta name=\"robots\" content=\"noindex, follow, max-snippet:-1, max-image-preview:large, max-video-preview:-1\" \/>\n<meta property=\"og:locale\" content=\"fr_FR\" \/>\n<meta property=\"og:type\" content=\"article\" \/>\n<meta property=\"og:title\" content=\"Syst\u00e8me de signalement des lanceurs d&#039;alerte chez M&amp;J\" \/>\n<meta property=\"og:description\" content=\"M&amp;J a mis en place un syst\u00e8me de signalement pour les lanceurs d&#039;alerte en cas de pr\u00e9occupations concernant des fautes av\u00e9r\u00e9es ou pr\u00e9sum\u00e9es. Pour en savoir plus sur ce syst\u00e8me, cliquez ici.\" \/>\n<meta property=\"og:url\" content=\"https:\/\/mjsandbox.bording-danmark.dk\/fr\/legal\/lanceur-dalerte\/\" \/>\n<meta property=\"og:site_name\" content=\"M&amp;J\" \/>\n<meta property=\"article:modified_time\" content=\"2025-10-30T12:25:57+00:00\" \/>\n<meta property=\"og:image\" content=\"https:\/\/mjsandbox.bording-danmark.dk\/wp-content\/uploads\/2025\/08\/Whistleblower_Herro.jpg\" \/>\n\t<meta property=\"og:image:width\" content=\"1920\" \/>\n\t<meta property=\"og:image:height\" content=\"800\" \/>\n\t<meta property=\"og:image:type\" content=\"image\/jpeg\" \/>\n<meta name=\"twitter:card\" content=\"summary_large_image\" \/>\n<meta name=\"twitter:label1\" content=\"Dur\u00e9e de lecture estim\u00e9e\" \/>\n\t<meta name=\"twitter:data1\" content=\"2 minutes\" \/>\n<script type=\"application\/ld+json\" class=\"yoast-schema-graph\">{\"@context\":\"https:\\\/\\\/schema.org\",\"@graph\":[{\"@type\":\"WebPage\",\"@id\":\"https:\\\/\\\/mjsandbox.bording-danmark.dk\\\/fr\\\/legal\\\/lanceur-dalerte\\\/\",\"url\":\"https:\\\/\\\/mjsandbox.bording-danmark.dk\\\/fr\\\/legal\\\/lanceur-dalerte\\\/\",\"name\":\"Syst\u00e8me de signalement des lanceurs d'alerte chez M&J\",\"isPartOf\":{\"@id\":\"https:\\\/\\\/mjsandbox.bording-danmark.dk\\\/fr\\\/#website\"},\"primaryImageOfPage\":{\"@id\":\"https:\\\/\\\/mjsandbox.bording-danmark.dk\\\/fr\\\/legal\\\/lanceur-dalerte\\\/#primaryimage\"},\"image\":{\"@id\":\"https:\\\/\\\/mjsandbox.bording-danmark.dk\\\/fr\\\/legal\\\/lanceur-dalerte\\\/#primaryimage\"},\"thumbnailUrl\":\"https:\\\/\\\/mjsandbox.bording-danmark.dk\\\/wp-content\\\/uploads\\\/2025\\\/08\\\/Whistleblower_Herro.jpg\",\"datePublished\":\"2025-07-01T10:46:53+00:00\",\"dateModified\":\"2025-10-30T12:25:57+00:00\",\"description\":\"M&J a mis en place un syst\u00e8me de signalement pour les lanceurs d'alerte en cas de pr\u00e9occupations concernant des fautes av\u00e9r\u00e9es ou pr\u00e9sum\u00e9es. Pour en savoir plus sur ce syst\u00e8me, cliquez ici.\",\"breadcrumb\":{\"@id\":\"https:\\\/\\\/mjsandbox.bording-danmark.dk\\\/fr\\\/legal\\\/lanceur-dalerte\\\/#breadcrumb\"},\"inLanguage\":\"fr-FR\",\"potentialAction\":[{\"@type\":\"ReadAction\",\"target\":[\"https:\\\/\\\/mjsandbox.bording-danmark.dk\\\/fr\\\/legal\\\/lanceur-dalerte\\\/\"]}]},{\"@type\":\"ImageObject\",\"inLanguage\":\"fr-FR\",\"@id\":\"https:\\\/\\\/mjsandbox.bording-danmark.dk\\\/fr\\\/legal\\\/lanceur-dalerte\\\/#primaryimage\",\"url\":\"https:\\\/\\\/mjsandbox.bording-danmark.dk\\\/wp-content\\\/uploads\\\/2025\\\/08\\\/Whistleblower_Herro.jpg\",\"contentUrl\":\"https:\\\/\\\/mjsandbox.bording-danmark.dk\\\/wp-content\\\/uploads\\\/2025\\\/08\\\/Whistleblower_Herro.jpg\",\"width\":1920,\"height\":800},{\"@type\":\"BreadcrumbList\",\"@id\":\"https:\\\/\\\/mjsandbox.bording-danmark.dk\\\/fr\\\/legal\\\/lanceur-dalerte\\\/#breadcrumb\",\"itemListElement\":[{\"@type\":\"ListItem\",\"position\":1,\"name\":\"Home\",\"item\":\"https:\\\/\\\/mjsandbox.bording-danmark.dk\\\/fr\\\/home\\\/\"},{\"@type\":\"ListItem\",\"position\":2,\"name\":\"L\u00e9gal\",\"item\":\"https:\\\/\\\/mjsandbox.bording-danmark.dk\\\/fr\\\/legal\\\/\"},{\"@type\":\"ListItem\",\"position\":3,\"name\":\"lanceur d&#8217;alerte\"}]},{\"@type\":\"WebSite\",\"@id\":\"https:\\\/\\\/mjsandbox.bording-danmark.dk\\\/fr\\\/#website\",\"url\":\"https:\\\/\\\/mjsandbox.bording-danmark.dk\\\/fr\\\/\",\"name\":\"M&J Recycling\",\"description\":\"\",\"potentialAction\":[{\"@type\":\"SearchAction\",\"target\":{\"@type\":\"EntryPoint\",\"urlTemplate\":\"https:\\\/\\\/mjsandbox.bording-danmark.dk\\\/fr\\\/?s={search_term_string}\"},\"query-input\":{\"@type\":\"PropertyValueSpecification\",\"valueRequired\":true,\"valueName\":\"search_term_string\"}}],\"inLanguage\":\"fr-FR\"}]}<\/script>\n<!-- \/ Yoast SEO plugin. -->","yoast_head_json":{"title":"Syst\u00e8me de signalement des lanceurs d'alerte chez M&J","description":"M&J a mis en place un syst\u00e8me de signalement pour les lanceurs d'alerte en cas de pr\u00e9occupations concernant des fautes av\u00e9r\u00e9es ou pr\u00e9sum\u00e9es. Pour en savoir plus sur ce syst\u00e8me, cliquez ici.","robots":{"index":"noindex","follow":"follow","max-snippet":"max-snippet:-1","max-image-preview":"max-image-preview:large","max-video-preview":"max-video-preview:-1"},"og_locale":"fr_FR","og_type":"article","og_title":"Syst\u00e8me de signalement des lanceurs d'alerte chez M&J","og_description":"M&J a mis en place un syst\u00e8me de signalement pour les lanceurs d'alerte en cas de pr\u00e9occupations concernant des fautes av\u00e9r\u00e9es ou pr\u00e9sum\u00e9es. Pour en savoir plus sur ce syst\u00e8me, cliquez ici.","og_url":"https:\/\/mjsandbox.bording-danmark.dk\/fr\/legal\/lanceur-dalerte\/","og_site_name":"M&amp;J","article_modified_time":"2025-10-30T12:25:57+00:00","og_image":[{"width":1920,"height":800,"url":"https:\/\/mjsandbox.bording-danmark.dk\/wp-content\/uploads\/2025\/08\/Whistleblower_Herro.jpg","type":"image\/jpeg"}],"twitter_card":"summary_large_image","twitter_misc":{"Dur\u00e9e de lecture estim\u00e9e":"2 minutes"},"schema":{"@context":"https:\/\/schema.org","@graph":[{"@type":"WebPage","@id":"https:\/\/mjsandbox.bording-danmark.dk\/fr\/legal\/lanceur-dalerte\/","url":"https:\/\/mjsandbox.bording-danmark.dk\/fr\/legal\/lanceur-dalerte\/","name":"Syst\u00e8me de signalement des lanceurs d'alerte chez M&J","isPartOf":{"@id":"https:\/\/mjsandbox.bording-danmark.dk\/fr\/#website"},"primaryImageOfPage":{"@id":"https:\/\/mjsandbox.bording-danmark.dk\/fr\/legal\/lanceur-dalerte\/#primaryimage"},"image":{"@id":"https:\/\/mjsandbox.bording-danmark.dk\/fr\/legal\/lanceur-dalerte\/#primaryimage"},"thumbnailUrl":"https:\/\/mjsandbox.bording-danmark.dk\/wp-content\/uploads\/2025\/08\/Whistleblower_Herro.jpg","datePublished":"2025-07-01T10:46:53+00:00","dateModified":"2025-10-30T12:25:57+00:00","description":"M&J a mis en place un syst\u00e8me de signalement pour les lanceurs d'alerte en cas de pr\u00e9occupations concernant des fautes av\u00e9r\u00e9es ou pr\u00e9sum\u00e9es. Pour en savoir plus sur ce syst\u00e8me, cliquez ici.","breadcrumb":{"@id":"https:\/\/mjsandbox.bording-danmark.dk\/fr\/legal\/lanceur-dalerte\/#breadcrumb"},"inLanguage":"fr-FR","potentialAction":[{"@type":"ReadAction","target":["https:\/\/mjsandbox.bording-danmark.dk\/fr\/legal\/lanceur-dalerte\/"]}]},{"@type":"ImageObject","inLanguage":"fr-FR","@id":"https:\/\/mjsandbox.bording-danmark.dk\/fr\/legal\/lanceur-dalerte\/#primaryimage","url":"https:\/\/mjsandbox.bording-danmark.dk\/wp-content\/uploads\/2025\/08\/Whistleblower_Herro.jpg","contentUrl":"https:\/\/mjsandbox.bording-danmark.dk\/wp-content\/uploads\/2025\/08\/Whistleblower_Herro.jpg","width":1920,"height":800},{"@type":"BreadcrumbList","@id":"https:\/\/mjsandbox.bording-danmark.dk\/fr\/legal\/lanceur-dalerte\/#breadcrumb","itemListElement":[{"@type":"ListItem","position":1,"name":"Home","item":"https:\/\/mjsandbox.bording-danmark.dk\/fr\/home\/"},{"@type":"ListItem","position":2,"name":"L\u00e9gal","item":"https:\/\/mjsandbox.bording-danmark.dk\/fr\/legal\/"},{"@type":"ListItem","position":3,"name":"lanceur d&#8217;alerte"}]},{"@type":"WebSite","@id":"https:\/\/mjsandbox.bording-danmark.dk\/fr\/#website","url":"https:\/\/mjsandbox.bording-danmark.dk\/fr\/","name":"M&J Recycling","description":"","potentialAction":[{"@type":"SearchAction","target":{"@type":"EntryPoint","urlTemplate":"https:\/\/mjsandbox.bording-danmark.dk\/fr\/?s={search_term_string}"},"query-input":{"@type":"PropertyValueSpecification","valueRequired":true,"valueName":"search_term_string"}}],"inLanguage":"fr-FR"}]}},"_links":{"self":[{"href":"https:\/\/mjsandbox.bording-danmark.dk\/fr\/wp-json\/wp\/v2\/pages\/9397","targetHints":{"allow":["GET"]}}],"collection":[{"href":"https:\/\/mjsandbox.bording-danmark.dk\/fr\/wp-json\/wp\/v2\/pages"}],"about":[{"href":"https:\/\/mjsandbox.bording-danmark.dk\/fr\/wp-json\/wp\/v2\/types\/page"}],"author":[{"embeddable":true,"href":"https:\/\/mjsandbox.bording-danmark.dk\/fr\/wp-json\/wp\/v2\/users\/5"}],"replies":[{"embeddable":true,"href":"https:\/\/mjsandbox.bording-danmark.dk\/fr\/wp-json\/wp\/v2\/comments?post=9397"}],"version-history":[{"count":0,"href":"https:\/\/mjsandbox.bording-danmark.dk\/fr\/wp-json\/wp\/v2\/pages\/9397\/revisions"}],"up":[{"embeddable":true,"href":"https:\/\/mjsandbox.bording-danmark.dk\/fr\/wp-json\/wp\/v2\/pages\/9672"}],"wp:featuredmedia":[{"embeddable":true,"href":"https:\/\/mjsandbox.bording-danmark.dk\/fr\/wp-json\/wp\/v2\/media\/9396"}],"wp:attachment":[{"href":"https:\/\/mjsandbox.bording-danmark.dk\/fr\/wp-json\/wp\/v2\/media?parent=9397"}],"curies":[{"name":"wp","href":"https:\/\/api.w.org\/{rel}","templated":true}]}}