{"id":9485,"date":"2025-07-02T14:11:14","date_gmt":"2025-07-02T14:11:14","guid":{"rendered":"https:\/\/mjrecycling.com\/nutzungsbedingungen\/"},"modified":"2025-10-30T12:31:44","modified_gmt":"2025-10-30T12:31:44","slug":"nutzungsbedingungen","status":"publish","type":"page","link":"https:\/\/mjsandbox.bording-danmark.dk\/de\/recht\/nutzungsbedingungen\/","title":{"rendered":"Nutzungsbedingungen"},"content":{"rendered":"<p>[et_pb_section fb_built=&#8220;1&#8243; _builder_version=&#8220;4.27.4&#8243; _module_preset=&#8220;default&#8220; da_disable_devices=&#8220;off|off|off&#8220; global_colors_info=&#8220;{}&#8220; theme_builder_area=&#8220;post_content&#8220; da_is_popup=&#8220;off&#8220; da_exit_intent=&#8220;off&#8220; da_has_close=&#8220;on&#8220; da_alt_close=&#8220;off&#8220; da_dark_close=&#8220;off&#8220; da_not_modal=&#8220;on&#8220; da_is_singular=&#8220;off&#8220; da_with_loader=&#8220;off&#8220; da_has_shadow=&#8220;on&#8220;][et_pb_row _builder_version=&#8220;4.27.4&#8243; _module_preset=&#8220;default&#8220; global_colors_info=&#8220;{}&#8220; theme_builder_area=&#8220;post_content&#8220;][et_pb_column type=&#8220;4_4&#8243; _builder_version=&#8220;4.27.4&#8243; _module_preset=&#8220;default&#8220; global_colors_info=&#8220;{}&#8220; theme_builder_area=&#8220;post_content&#8220;][et_pb_text _builder_version=&#8220;4.27.4&#8243; _module_preset=&#8220;default&#8220; text_font=&#8220;&#8211;et_global_body_font||||||||&#8220; text_line_height=&#8220;22px&#8220; text_font_size_tablet=&#8220;&#8220; text_font_size_phone=&#8220;14px&#8220; text_font_size_last_edited=&#8220;on|phone&#8220; text_line_height_tablet=&#8220;22px&#8220; text_line_height_phone=&#8220;20px&#8220; text_line_height_last_edited=&#8220;on|phone&#8220; global_colors_info=&#8220;{}&#8220; theme_builder_area=&#8220;post_content&#8220;]<\/p>\n<p>Bitte lesen Sie diese Bedingungen sorgf\u00e4ltig durch, bevor Sie auf die Seiten der M&amp;J Denmark-Websites zugreifen.<\/p>\n<p>Der Inhalt dieser Seiten ist Eigentum von M&amp;J Denmark A\/S (im Folgenden M&amp;J Recycling og M&amp;J). Mit dem Zugriff auf und der Nutzung der Webseiten von M&amp;J Recycling erkl\u00e4ren Sie sich mit den folgenden Bedingungen einverstanden. Diese Website ist urheberrechtlich gesch\u00fctzt; alle Urheberrechte liegen bei M&amp;J Recycling. Alle Rechte vorbehalten. M&amp;J Recycling, das M&amp;J-Logo und die Produktnamen von M&amp;J Recycling sind Marken von M&amp;J Recycling.    <\/p>\n<p>Die Vervielf\u00e4ltigung, Weitergabe, Verbreitung oder Speicherung dieser Informationen in jeglicher Form ohne die vorherige schriftliche Zustimmung von M&amp;J Recycling ist untersagt. M&amp;J Recycling gestattet Ihnen jedoch, Ausz\u00fcge dieser Seiten ausschlie\u00dflich f\u00fcr Ihren pers\u00f6nlichen Gebrauch auf Ihrem Computer zu speichern oder auszudrucken. Einzelne Dokumente auf der Website von M&amp;J Recycling k\u00f6nnen zus\u00e4tzlichen Bedingungen unterliegen, die in den jeweiligen Dokumenten angegeben sind.  <\/p>\n<p>Die Verwendung von Pressemitteilungen und anderen als \u00f6ffentlich eingestuften Dokumenten ist in der \u00f6ffentlichen Kommunikation zul\u00e4ssig, sofern die Quelle der Informationen angegeben wurde.<\/p>\n<p>Die Informationen auf der Website von M&amp;J Recycling werden ohne jegliche Gew\u00e4hrleistung, weder ausdr\u00fccklich noch stillschweigend, bereitgestellt. Dies schlie\u00dft insbesondere die Gew\u00e4hrleistung der Handels\u00fcblichkeit, der Eignung f\u00fcr einen bestimmten Zweck und der Nichtverletzung von Rechten Dritter aus. M&amp;J Recycling haftet in keinem Fall gegen\u00fcber Dritten f\u00fcr direkte, indirekte, besondere oder Folgesch\u00e4den, die aus der Nutzung der Website von M&amp;J Recycling entstehen oder damit in Zusammenhang stehen. Dies umfasst insbesondere entgangenen Gewinn, Betriebsunterbrechungen, Datenverlust oder den Verlust von Programmen oder anderen Daten auf Ihrem Informationssystem. Es wird nicht gew\u00e4hrleistet, dass diese Website oder der zugeh\u00f6rige Server frei von Viren oder anderen sch\u00e4dlichen Komponenten sind.  <\/p>\n<p>Die Informationen auf der Website von M&amp;J Recycling k\u00f6nnen ungenau oder veraltet sein. \u00c4nderungen und Aktualisierungen der Informationen sind jederzeit ohne Vorank\u00fcndigung m\u00f6glich. M&amp;J Recycling beh\u00e4lt sich das Recht vor, die Website jederzeit zu verbessern, anzupassen oder den Zugriff darauf zu sperren. Die Website von M&amp;J Recycling kann Verweise auf Produkte oder Dienstleistungen von M&amp;J Recycling enthalten, die in Ihrem Land nicht verf\u00fcgbar sind. Bitte wenden Sie sich an Ihren lokalen Ansprechpartner bei M&amp;J Recycling, um Informationen zur Verf\u00fcgbarkeit von Produkten von M&amp;J Recycling in Ihrem Land zu erhalten.   <\/p>\n<p>M&amp;J Recycling \u00fcbernimmt keinerlei Gew\u00e4hr f\u00fcr Webseiten, die \u00fcber die Webseite von M&amp;J Recycling aufgerufen werden. Bitte beachten Sie, dass Webseiten, die nicht zu M&amp;J Recycling geh\u00f6ren, unabh\u00e4ngig von M&amp;J Recycling agieren. M&amp;J Recycling \u00fcbernimmt keine Verantwortung f\u00fcr Inhalte, die von Dritten erstellt oder ver\u00f6ffentlicht werden und auf die die Webseite von M&amp;J Recycling verlinkt.  <\/p>\n<p>Wenn Sie Kommentare oder Material an unsere Server, beispielsweise per E-Mail oder \u00fcber diese Website, \u00fcbermitteln, erkl\u00e4ren Sie sich damit einverstanden, dass diese Informationen in dem Wissen bereitgestellt werden, dass sie nicht vertraulich und nicht urheberrechtlich gesch\u00fctzt sind und von M&amp;J Recycling ver\u00f6ffentlicht werden k\u00f6nnen. Sie best\u00e4tigen, dass das Material zur Ver\u00f6ffentlichung geeignet ist. Mit der \u00dcbermittlung von Material erkl\u00e4ren Sie sich damit einverstanden, dass M&amp;J Recycling die Informationen ver\u00f6ffentlichen und diese f\u00fcr beliebige Zwecke verwenden und\/oder ohne Haftung in unsere Produkte integrieren darf. <\/p>\n<p>Sie verpflichten sich, M&amp;J Recycling von jeglichen Anspr\u00fcchen Dritter freizustellen, die gegen uns im Zusammenhang mit dem von Ihnen eingesandten Material erhoben werden. Sie verpflichten sich au\u00dferdem, keine Anspr\u00fcche gegen uns im Zusammenhang mit diesem Material geltend zu machen. <\/p>\n<p>Sollten Sie auf der Website von M&amp;J Recycling urheberrechtsverletzendes Material oder Links entdecken, bitten wir Sie, uns dies mitzuteilen, damit wir entsprechende Korrekturma\u00dfnahmen ergreifen k\u00f6nnen.<\/p>\n<p><strong>Zukunftsgerichtete Aussagen<\/strong><\/p>\n<p>Es ist zu beachten, dass bestimmte Aussagen in diesem Dokument, die keine historischen Fakten darstellen, insbesondere Aussagen zu Erwartungen hinsichtlich der allgemeinen wirtschaftlichen Entwicklung und der Marktlage, der Rentabilit\u00e4t der Kundenbranche und der Investitionsbereitschaft, des Unternehmenswachstums, der Unternehmensentwicklung und der Rentabilit\u00e4t sowie der Realisierung von Synergieeffekten und Kosteneinsparungen, sowie Aussagen, denen Formulierungen wie \u201eerwartet\u201c, \u201esch\u00e4tzt\u201c, \u201eprognostiziert\u201c oder \u00e4hnliche Ausdr\u00fccke vorangestellt sind, zukunftsgerichtete Aussagen darstellen. Diese Aussagen basieren auf aktuellen Entscheidungen und Pl\u00e4nen sowie auf derzeit bekannten Faktoren. Sie beinhalten Risiken und Unsicherheiten, die dazu f\u00fchren k\u00f6nnen, dass die tats\u00e4chlichen Ergebnisse wesentlich von den derzeit vom Unternehmen erwarteten Ergebnissen abweichen.  <\/p>\n<p>Zu diesen Faktoren geh\u00f6ren unter anderem:<\/p>\n<ol>\n<li>Allgemeine wirtschaftliche Bedingungen, einschlie\u00dflich Schwankungen der Wechselkurse und des Zinsniveaus, die das Gesch\u00e4ftsumfeld und die Rentabilit\u00e4t der Kunden und damit die vom Unternehmen erhaltenen Auftr\u00e4ge und deren Margen beeinflussen.<\/li>\n<li>Die Wettbewerbssituation, insbesondere bedeutende technologische L\u00f6sungen der Wettbewerber.<\/li>\n<li>Die eigenen Betriebsbedingungen des Unternehmens, wie beispielsweise der Erfolg der Produktion, der Produktentwicklung und des Projektmanagements sowie deren kontinuierliche Weiterentwicklung und Verbesserung<\/li>\n<li>Der Erfolg laufender und zuk\u00fcnftiger Akquisitionen und Umstrukturierungen<\/li>\n<\/ol>\n<p>[\/et_pb_text][\/et_pb_column][\/et_pb_row][\/et_pb_section]<\/p>\n","protected":false},"excerpt":{"rendered":"<p>Bitte lesen Sie diese Bedingungen sorgf\u00e4ltig durch, bevor Sie auf die Seiten der M&amp;J Denmark-Websites zugreifen. Der Inhalt dieser Seiten ist Eigentum von M&amp;J Denmark A\/S (im Folgenden M&amp;J Recycling og M&amp;J). Mit dem Zugriff auf und der Nutzung der Webseiten von M&amp;J Recycling erkl\u00e4ren Sie sich mit den folgenden Bedingungen einverstanden. Diese Website ist [&hellip;]<\/p>\n","protected":false},"author":5,"featured_media":9484,"parent":9687,"menu_order":0,"comment_status":"closed","ping_status":"closed","template":"","meta":{"_acf_changed":false,"_et_pb_use_builder":"on","_et_pb_old_content":"","_et_gb_content_width":"","bdk_page_class":"","footnotes":""},"class_list":["post-9485","page","type-page","status-publish","has-post-thumbnail","hentry"],"acf":[],"yoast_head":"<!-- This site is optimized with the Yoast SEO plugin v27.3 - https:\/\/yoast.com\/product\/yoast-seo-wordpress\/ -->\n<title>Nutzungsbedingungen \u2013 M&amp;J Superior Recycling Technology<\/title>\n<meta name=\"description\" content=\"Entdecken Sie die Nutzungsbedingungen von M&amp;J Superior Recycling Technology. Klicken Sie hier, um mehr zu erfahren.\" \/>\n<meta name=\"robots\" content=\"noindex, follow, max-snippet:-1, max-image-preview:large, max-video-preview:-1\" \/>\n<meta property=\"og:locale\" content=\"de_DE\" \/>\n<meta property=\"og:type\" content=\"article\" \/>\n<meta property=\"og:title\" content=\"Nutzungsbedingungen \u2013 M&amp;J Superior Recycling Technology\" \/>\n<meta property=\"og:description\" content=\"Entdecken Sie die Nutzungsbedingungen von M&amp;J Superior Recycling Technology. Klicken Sie hier, um mehr zu erfahren.\" \/>\n<meta property=\"og:url\" content=\"https:\/\/mjsandbox.bording-danmark.dk\/de\/recht\/nutzungsbedingungen\/\" \/>\n<meta property=\"og:site_name\" content=\"M&amp;J\" \/>\n<meta property=\"article:modified_time\" content=\"2025-10-30T12:31:44+00:00\" \/>\n<meta property=\"og:image\" content=\"https:\/\/mjsandbox.bording-danmark.dk\/wp-content\/uploads\/2025\/08\/Terms_of_use_Herro.jpg\" \/>\n\t<meta property=\"og:image:width\" content=\"1920\" \/>\n\t<meta property=\"og:image:height\" content=\"800\" \/>\n\t<meta property=\"og:image:type\" content=\"image\/jpeg\" \/>\n<meta name=\"twitter:card\" content=\"summary_large_image\" \/>\n<meta name=\"twitter:label1\" content=\"Gesch\u00e4tzte Lesezeit\" \/>\n\t<meta name=\"twitter:data1\" content=\"5\u00a0Minuten\" \/>\n<script type=\"application\/ld+json\" class=\"yoast-schema-graph\">{\"@context\":\"https:\\\/\\\/schema.org\",\"@graph\":[{\"@type\":\"WebPage\",\"@id\":\"https:\\\/\\\/mjsandbox.bording-danmark.dk\\\/de\\\/recht\\\/nutzungsbedingungen\\\/\",\"url\":\"https:\\\/\\\/mjsandbox.bording-danmark.dk\\\/de\\\/recht\\\/nutzungsbedingungen\\\/\",\"name\":\"Nutzungsbedingungen \u2013 M&J Superior Recycling Technology\",\"isPartOf\":{\"@id\":\"https:\\\/\\\/mjsandbox.bording-danmark.dk\\\/de\\\/#website\"},\"primaryImageOfPage\":{\"@id\":\"https:\\\/\\\/mjsandbox.bording-danmark.dk\\\/de\\\/recht\\\/nutzungsbedingungen\\\/#primaryimage\"},\"image\":{\"@id\":\"https:\\\/\\\/mjsandbox.bording-danmark.dk\\\/de\\\/recht\\\/nutzungsbedingungen\\\/#primaryimage\"},\"thumbnailUrl\":\"https:\\\/\\\/mjsandbox.bording-danmark.dk\\\/wp-content\\\/uploads\\\/2025\\\/08\\\/Terms_of_use_Herro.jpg\",\"datePublished\":\"2025-07-02T14:11:14+00:00\",\"dateModified\":\"2025-10-30T12:31:44+00:00\",\"description\":\"Entdecken Sie die Nutzungsbedingungen von M&J Superior Recycling Technology. Klicken Sie hier, um mehr zu erfahren.\",\"breadcrumb\":{\"@id\":\"https:\\\/\\\/mjsandbox.bording-danmark.dk\\\/de\\\/recht\\\/nutzungsbedingungen\\\/#breadcrumb\"},\"inLanguage\":\"de\",\"potentialAction\":[{\"@type\":\"ReadAction\",\"target\":[\"https:\\\/\\\/mjsandbox.bording-danmark.dk\\\/de\\\/recht\\\/nutzungsbedingungen\\\/\"]}]},{\"@type\":\"ImageObject\",\"inLanguage\":\"de\",\"@id\":\"https:\\\/\\\/mjsandbox.bording-danmark.dk\\\/de\\\/recht\\\/nutzungsbedingungen\\\/#primaryimage\",\"url\":\"https:\\\/\\\/mjsandbox.bording-danmark.dk\\\/wp-content\\\/uploads\\\/2025\\\/08\\\/Terms_of_use_Herro.jpg\",\"contentUrl\":\"https:\\\/\\\/mjsandbox.bording-danmark.dk\\\/wp-content\\\/uploads\\\/2025\\\/08\\\/Terms_of_use_Herro.jpg\",\"width\":1920,\"height\":800},{\"@type\":\"BreadcrumbList\",\"@id\":\"https:\\\/\\\/mjsandbox.bording-danmark.dk\\\/de\\\/recht\\\/nutzungsbedingungen\\\/#breadcrumb\",\"itemListElement\":[{\"@type\":\"ListItem\",\"position\":1,\"name\":\"Home\",\"item\":\"https:\\\/\\\/mjsandbox.bording-danmark.dk\\\/de\\\/home\\\/\"},{\"@type\":\"ListItem\",\"position\":2,\"name\":\"Recht\",\"item\":\"https:\\\/\\\/mjsandbox.bording-danmark.dk\\\/de\\\/recht\\\/\"},{\"@type\":\"ListItem\",\"position\":3,\"name\":\"Nutzungsbedingungen\"}]},{\"@type\":\"WebSite\",\"@id\":\"https:\\\/\\\/mjsandbox.bording-danmark.dk\\\/de\\\/#website\",\"url\":\"https:\\\/\\\/mjsandbox.bording-danmark.dk\\\/de\\\/\",\"name\":\"M&J Recycling\",\"description\":\"\",\"potentialAction\":[{\"@type\":\"SearchAction\",\"target\":{\"@type\":\"EntryPoint\",\"urlTemplate\":\"https:\\\/\\\/mjsandbox.bording-danmark.dk\\\/de\\\/?s={search_term_string}\"},\"query-input\":{\"@type\":\"PropertyValueSpecification\",\"valueRequired\":true,\"valueName\":\"search_term_string\"}}],\"inLanguage\":\"de\"}]}<\/script>\n<!-- \/ Yoast SEO plugin. -->","yoast_head_json":{"title":"Nutzungsbedingungen \u2013 M&J Superior Recycling Technology","description":"Entdecken Sie die Nutzungsbedingungen von M&J Superior Recycling Technology. Klicken Sie hier, um mehr zu erfahren.","robots":{"index":"noindex","follow":"follow","max-snippet":"max-snippet:-1","max-image-preview":"max-image-preview:large","max-video-preview":"max-video-preview:-1"},"og_locale":"de_DE","og_type":"article","og_title":"Nutzungsbedingungen \u2013 M&J Superior Recycling Technology","og_description":"Entdecken Sie die Nutzungsbedingungen von M&J Superior Recycling Technology. Klicken Sie hier, um mehr zu erfahren.","og_url":"https:\/\/mjsandbox.bording-danmark.dk\/de\/recht\/nutzungsbedingungen\/","og_site_name":"M&amp;J","article_modified_time":"2025-10-30T12:31:44+00:00","og_image":[{"width":1920,"height":800,"url":"https:\/\/mjsandbox.bording-danmark.dk\/wp-content\/uploads\/2025\/08\/Terms_of_use_Herro.jpg","type":"image\/jpeg"}],"twitter_card":"summary_large_image","twitter_misc":{"Gesch\u00e4tzte Lesezeit":"5\u00a0Minuten"},"schema":{"@context":"https:\/\/schema.org","@graph":[{"@type":"WebPage","@id":"https:\/\/mjsandbox.bording-danmark.dk\/de\/recht\/nutzungsbedingungen\/","url":"https:\/\/mjsandbox.bording-danmark.dk\/de\/recht\/nutzungsbedingungen\/","name":"Nutzungsbedingungen \u2013 M&J Superior Recycling Technology","isPartOf":{"@id":"https:\/\/mjsandbox.bording-danmark.dk\/de\/#website"},"primaryImageOfPage":{"@id":"https:\/\/mjsandbox.bording-danmark.dk\/de\/recht\/nutzungsbedingungen\/#primaryimage"},"image":{"@id":"https:\/\/mjsandbox.bording-danmark.dk\/de\/recht\/nutzungsbedingungen\/#primaryimage"},"thumbnailUrl":"https:\/\/mjsandbox.bording-danmark.dk\/wp-content\/uploads\/2025\/08\/Terms_of_use_Herro.jpg","datePublished":"2025-07-02T14:11:14+00:00","dateModified":"2025-10-30T12:31:44+00:00","description":"Entdecken Sie die Nutzungsbedingungen von M&J Superior Recycling Technology. Klicken Sie hier, um mehr zu erfahren.","breadcrumb":{"@id":"https:\/\/mjsandbox.bording-danmark.dk\/de\/recht\/nutzungsbedingungen\/#breadcrumb"},"inLanguage":"de","potentialAction":[{"@type":"ReadAction","target":["https:\/\/mjsandbox.bording-danmark.dk\/de\/recht\/nutzungsbedingungen\/"]}]},{"@type":"ImageObject","inLanguage":"de","@id":"https:\/\/mjsandbox.bording-danmark.dk\/de\/recht\/nutzungsbedingungen\/#primaryimage","url":"https:\/\/mjsandbox.bording-danmark.dk\/wp-content\/uploads\/2025\/08\/Terms_of_use_Herro.jpg","contentUrl":"https:\/\/mjsandbox.bording-danmark.dk\/wp-content\/uploads\/2025\/08\/Terms_of_use_Herro.jpg","width":1920,"height":800},{"@type":"BreadcrumbList","@id":"https:\/\/mjsandbox.bording-danmark.dk\/de\/recht\/nutzungsbedingungen\/#breadcrumb","itemListElement":[{"@type":"ListItem","position":1,"name":"Home","item":"https:\/\/mjsandbox.bording-danmark.dk\/de\/home\/"},{"@type":"ListItem","position":2,"name":"Recht","item":"https:\/\/mjsandbox.bording-danmark.dk\/de\/recht\/"},{"@type":"ListItem","position":3,"name":"Nutzungsbedingungen"}]},{"@type":"WebSite","@id":"https:\/\/mjsandbox.bording-danmark.dk\/de\/#website","url":"https:\/\/mjsandbox.bording-danmark.dk\/de\/","name":"M&J Recycling","description":"","potentialAction":[{"@type":"SearchAction","target":{"@type":"EntryPoint","urlTemplate":"https:\/\/mjsandbox.bording-danmark.dk\/de\/?s={search_term_string}"},"query-input":{"@type":"PropertyValueSpecification","valueRequired":true,"valueName":"search_term_string"}}],"inLanguage":"de"}]}},"_links":{"self":[{"href":"https:\/\/mjsandbox.bording-danmark.dk\/de\/wp-json\/wp\/v2\/pages\/9485","targetHints":{"allow":["GET"]}}],"collection":[{"href":"https:\/\/mjsandbox.bording-danmark.dk\/de\/wp-json\/wp\/v2\/pages"}],"about":[{"href":"https:\/\/mjsandbox.bording-danmark.dk\/de\/wp-json\/wp\/v2\/types\/page"}],"author":[{"embeddable":true,"href":"https:\/\/mjsandbox.bording-danmark.dk\/de\/wp-json\/wp\/v2\/users\/5"}],"replies":[{"embeddable":true,"href":"https:\/\/mjsandbox.bording-danmark.dk\/de\/wp-json\/wp\/v2\/comments?post=9485"}],"version-history":[{"count":0,"href":"https:\/\/mjsandbox.bording-danmark.dk\/de\/wp-json\/wp\/v2\/pages\/9485\/revisions"}],"up":[{"embeddable":true,"href":"https:\/\/mjsandbox.bording-danmark.dk\/de\/wp-json\/wp\/v2\/pages\/9687"}],"wp:featuredmedia":[{"embeddable":true,"href":"https:\/\/mjsandbox.bording-danmark.dk\/de\/wp-json\/wp\/v2\/media\/9484"}],"wp:attachment":[{"href":"https:\/\/mjsandbox.bording-danmark.dk\/de\/wp-json\/wp\/v2\/media?parent=9485"}],"curies":[{"name":"wp","href":"https:\/\/api.w.org\/{rel}","templated":true}]}}