{"id":9172,"date":"2025-07-03T09:53:33","date_gmt":"2025-07-03T09:53:33","guid":{"rendered":"https:\/\/mj.40-69-202-162.plesk.page\/dienstleistungen\/intelligente-upgrades\/"},"modified":"2025-10-29T05:00:58","modified_gmt":"2025-10-29T05:00:58","slug":"intelligente-upgrades","status":"publish","type":"page","link":"https:\/\/mjsandbox.bording-danmark.dk\/de\/dienstleistungen\/intelligente-upgrades\/","title":{"rendered":"Intelligente Upgrades"},"content":{"rendered":"<p>[et_pb_section fb_built=&#8220;1&#8243; fullwidth=&#8220;on&#8220; admin_label=&#8220;Section&#8220; module_class=&#8220;banner&#8220; _builder_version=&#8220;4.27.4&#8243; _dynamic_attributes=&#8220;background_image&#8220; _module_preset=&#8220;default&#8220; background_color=&#8220;RGBA(255,255,255,0)&#8220; background_enable_color=&#8220;off&#8220; background_image=&#8220;@ET-DC@eyJkeW5hbWljIjp0cnVlLCJjb250ZW50IjoicG9zdF9mZWF0dXJlZF9pbWFnZSIsInNldHRpbmdzIjp7ImVuYWJsZV9odG1sIjoib2ZmIn19@&#8220; min_height=&#8220;450px&#8220; min_height_tablet=&#8220;356px&#8220; min_height_phone=&#8220;356px&#8220; min_height_last_edited=&#8220;on|tablet&#8220; custom_margin=&#8220;||||false|false&#8220; custom_padding=&#8220;||||false|false&#8220; animation_style=&#8220;fade&#8220; animation_direction=&#8220;top&#8220; animation_starting_opacity=&#8220;1%&#8220; da_disable_devices=&#8220;off|off|off&#8220; global_module=&#8220;3160&#8243; saved_tabs=&#8220;all&#8220; locked=&#8220;off&#8220; global_colors_info=&#8220;{}&#8220; da_is_popup=&#8220;off&#8220; da_exit_intent=&#8220;off&#8220; da_has_close=&#8220;on&#8220; da_alt_close=&#8220;off&#8220; da_dark_close=&#8220;off&#8220; da_not_modal=&#8220;on&#8220; da_is_singular=&#8220;off&#8220; da_with_loader=&#8220;off&#8220; da_has_shadow=&#8220;on&#8220;][et_pb_fullwidth_header title=&#8220;@ET-DC@eyJkeW5hbWljIjp0cnVlLCJjb250ZW50IjoicG9zdF90aXRsZSIsInNldHRpbmdzIjp7ImJlZm9yZSI6IiIsImFmdGVyIjoiIiwiZW5hYmxlX2h0bWwiOiJvZmYifX0=@&#8220; _builder_version=&#8220;4.27.4&#8243; _dynamic_attributes=&#8220;title&#8220; _module_preset=&#8220;default&#8220; title_font=&#8220;&#8211;et_global_heading_font|900|||||||&#8220; title_font_size=&#8220;72px&#8220; title_letter_spacing=&#8220;-0.48px&#8220; title_line_height=&#8220;1.1em&#8220; background_enable_color=&#8220;off&#8220; background_enable_image=&#8220;off&#8220; positioning=&#8220;absolute&#8220; position_origin_a=&#8220;bottom_left&#8220; position_origin_f=&#8220;bottom_left&#8220; position_origin_r=&#8220;bottom_left&#8220; width=&#8220;100%&#8220; min_height_tablet=&#8220;&#8220; min_height_phone=&#8220;&#8220; min_height_last_edited=&#8220;on|phone&#8220; custom_margin=&#8220;0px||0px||true|false&#8220; custom_padding=&#8220;40px||40px||true|false&#8220; title_font_size_tablet=&#8220;40px&#8220; title_font_size_phone=&#8220;40px&#8220; title_font_size_last_edited=&#8220;on|tablet&#8220; title_line_height_tablet=&#8220;&#8220; title_line_height_phone=&#8220;48px&#8220; title_line_height_last_edited=&#8220;on|phone&#8220; global_colors_info=&#8220;{}&#8220;][\/et_pb_fullwidth_header][\/et_pb_section][et_pb_section fb_built=&#8220;1&#8243; custom_padding_last_edited=&#8220;on|phone&#8220; admin_label=&#8220;Section&#8220; module_id=&#8220;meinM&amp;J&#8220; module_class=&#8220;g-24&#8243; _builder_version=&#8220;4.27.4&#8243; _module_preset=&#8220;default&#8220; background_enable_color=&#8220;off&#8220; custom_padding=&#8220;96px||96px||true|false&#8220; custom_padding_tablet=&#8220;60px||60px||true|false&#8220; custom_padding_phone=&#8220;32px||32px||true|false&#8220; da_popup_slug=&#8220;myM-J&#8220; da_disable_devices=&#8220;off|off|off&#8220; locked=&#8220;off&#8220; global_colors_info=&#8220;{}&#8220; da_is_popup=&#8220;off&#8220; da_exit_intent=&#8220;off&#8220; da_has_close=&#8220;on&#8220; da_alt_close=&#8220;off&#8220; da_dark_close=&#8220;off&#8220; da_not_modal=&#8220;on&#8220; da_is_singular=&#8220;off&#8220; da_with_loader=&#8220;off&#8220; da_has_shadow=&#8220;on&#8220;][et_pb_row column_structure=&#8220;1_2,1_2&#8243; make_equal=&#8220;on&#8220; module_class=&#8220;content-center&#8220; _builder_version=&#8220;4.27.4&#8243; _module_preset=&#8220;default&#8220; custom_padding=&#8220;0px||0px||true|false&#8220; global_colors_info=&#8220;{}&#8220;][et_pb_column type=&#8220;1_2&#8243; _builder_version=&#8220;4.27.4&#8243; _module_preset=&#8220;default&#8220; animation_style=&#8220;slide&#8220; animation_direction=&#8220;bottom&#8220; animation_intensity_slide=&#8220;3%&#8220; global_colors_info=&#8220;{}&#8220;][et_pb_image src=&#8220;https:\/\/mjsandbox.bording-danmark.dk\/wp-content\/uploads\/2025\/07\/MJ_Performance-1.jpg&#8220; title_text=&#8220;M&amp;J_Performance&#8220; _builder_version=&#8220;4.27.4&#8243; _module_preset=&#8220;default&#8220; global_colors_info=&#8220;{}&#8220;][\/et_pb_image][\/et_pb_column][et_pb_column type=&#8220;1_2&#8243; _builder_version=&#8220;4.27.4&#8243; _module_preset=&#8220;default&#8220; animation_style=&#8220;slide&#8220; animation_direction=&#8220;right&#8220; animation_intensity_slide=&#8220;2%&#8220; global_colors_info=&#8220;{}&#8220;][et_pb_blurb title=&#8220;Betrieb optimieren mit myM&amp;J Performance&#8220; content_max_width=&#8220;1100px&#8220; module_id=&#8220;myM&amp;J&#8220; module_class=&#8220;text-box&#8220; _builder_version=&#8220;4.27.4&#8243; _module_preset=&#8220;default&#8220; header_level=&#8220;h3&#8243; header_font=&#8220;&#8211;et_global_heading_font|900|||||||&#8220; header_text_color=&#8220;#21282b&#8220; header_font_size=&#8220;40px&#8220; header_letter_spacing=&#8220;-0.8px&#8220; header_line_height=&#8220;1.1em&#8220; body_font=&#8220;Montserrat||||||||&#8220; body_line_height=&#8220;22px&#8220; header_font_size_tablet=&#8220;20px&#8220; header_font_size_phone=&#8220;20px&#8220; header_font_size_last_edited=&#8220;on|tablet&#8220; body_font_size_tablet=&#8220;14px&#8220; body_font_size_phone=&#8220;14px&#8220; body_font_size_last_edited=&#8220;on|tablet&#8220; global_colors_info=&#8220;{}&#8220;]<\/p>\n<p><span>Damit Ihr Aktenvernichter immer in Top-Zustand ist und die<\/span><span>, haben wir <strong>myM&amp;J Performance<\/strong> entwickelt, eine digitale L\u00f6sung, die Ihnen Echtzeit-Einblicke in den Betrieb Ihres Aktenvernichters bietet. Durch Cloud-basiertes Monitoring k\u00f6nnen Sie Betriebszeit, Energieverbrauch, Verschlei\u00df und mehr direkt auf Ihrem Bildschirm einsehen. Mit den Daten auf Knopfdruck k\u00f6nnen Sie Ausfallzeiten vermeiden, Wartungsarbeiten planen und die Gesamteffizienz verbessern.  <\/span><\/p>\n<p>myM&amp;J Performance erm\u00f6glicht Ihrem lokalen, autorisierten M&amp;J-Servicepartner au\u00dferdem die \u00dcberwachung Ihres Aktenvernichters, um Ihnen eine proaktive Wartung anzubieten, die Ihren Aktenvernichter am Laufen h\u00e4lt und seine Lebensdauer verl\u00e4ngert.<\/p>\n<p>myM&amp;J Performance ist serienm\u00e4\u00dfig in allen neuen M&amp;J-Aktenvernichtern integriert. Wir entwickeln die L\u00f6sung kontinuierlich weiter, um Ihnen als Kunden einen immer gr\u00f6\u00dferen Mehrwert zu bieten. Auch \u00e4ltere M&amp;J-Aktenvernichter k\u00f6nnen mit der L\u00f6sung nachger\u00fcstet werden.  <\/p>\n<p>[\/et_pb_blurb][\/et_pb_column][\/et_pb_row][\/et_pb_section][et_pb_section fb_built=&#8220;1&#8243; custom_padding_last_edited=&#8220;on|phone&#8220; admin_label=&#8220;Section&#8220; module_id=&#8220;Software-Upgrades&#8220; module_class=&#8220;g-24&#8243; _builder_version=&#8220;4.27.4&#8243; _module_preset=&#8220;default&#8220; background_color=&#8220;#eff0f1&#8243; custom_padding=&#8220;96px||96px||true|false&#8220; custom_padding_tablet=&#8220;60px||60px||true|false&#8220; custom_padding_phone=&#8220;32px||32px||true|false&#8220; da_popup_slug=&#8220;software-upgrades&#8220; da_disable_devices=&#8220;off|off|off&#8220; locked=&#8220;off&#8220; global_colors_info=&#8220;{}&#8220; da_is_popup=&#8220;off&#8220; da_exit_intent=&#8220;off&#8220; da_has_close=&#8220;on&#8220; da_alt_close=&#8220;off&#8220; da_dark_close=&#8220;off&#8220; da_not_modal=&#8220;on&#8220; da_is_singular=&#8220;off&#8220; da_with_loader=&#8220;off&#8220; da_has_shadow=&#8220;on&#8220;][et_pb_row column_structure=&#8220;1_2,1_2&#8243; make_equal=&#8220;on&#8220; module_class=&#8220;content-center&#8220; _builder_version=&#8220;4.27.4&#8243; _module_preset=&#8220;default&#8220; custom_padding=&#8220;0px||0px||true|false&#8220; global_colors_info=&#8220;{}&#8220;][et_pb_column type=&#8220;1_2&#8243; _builder_version=&#8220;4.27.4&#8243; _module_preset=&#8220;default&#8220; animation_style=&#8220;slide&#8220; animation_direction=&#8220;right&#8220; animation_intensity_slide=&#8220;2%&#8220; global_colors_info=&#8220;{}&#8220;][et_pb_blurb title=&#8220; Software-Upgrades f\u00fcr intelligenteres Shreddern&#8220; content_max_width=&#8220;1100px&#8220; module_id=&#8220;myM&amp;J&#8220; module_class=&#8220;text-box&#8220; _builder_version=&#8220;4.27.4&#8243; _module_preset=&#8220;default&#8220; header_level=&#8220;h3&#8243; header_font=&#8220;&#8211;et_global_heading_font|900|||||||&#8220; header_text_color=&#8220;#21282b&#8220; header_font_size=&#8220;40px&#8220; header_letter_spacing=&#8220;-0.8px&#8220; header_line_height=&#8220;1.1em&#8220; body_font=&#8220;Montserrat||||||||&#8220; body_line_height=&#8220;22px&#8220; header_font_size_tablet=&#8220;20px&#8220; header_font_size_phone=&#8220;20px&#8220; header_font_size_last_edited=&#8220;on|tablet&#8220; body_font_size_tablet=&#8220;14px&#8220; body_font_size_phone=&#8220;14px&#8220; body_font_size_last_edited=&#8220;on|tablet&#8220; locked=&#8220;off&#8220; global_colors_info=&#8220;{}&#8220;]<\/p>\n<p><span>Wenn Sie in einen M&amp;J-Aktenvernichter investieren, investieren Sie in eine Maschine, die sich weiterentwickelt. Unsere Software wird kontinuierlich aktualisiert, um sowohl neuen als auch bestehenden Kunden eine intelligentere und effizientere Leistung zu bieten.   <\/span><\/p>\n<p><span>Unsere Software-Upgrades verbessern kontinuierlich das digitale Erlebnis Ihres Aktenvernichters. Dies vereinfacht die Bedienung und erm\u00f6glicht uns, detailliertere Daten zum Betrieb Ihres Aktenvernichters zu erhalten \u2013 f\u00fcr bessere Leistung, proaktiven Service und digitale Fehlerbehebung. Sie erm\u00f6glichen au\u00dferdem ein verbessertes digitales Feedback und erh\u00f6hen so die Zuverl\u00e4ssigkeit und Sicherheit des Aktenvernichters.  <\/span><\/p>\n<p>Insgesamt tragen diese kontinuierlichen Softwareverbesserungen dazu bei, dass Ihr Aktenvernichter auch lange nach der Installation immer optimal l\u00e4uft.<\/p>\n<p>[\/et_pb_blurb][\/et_pb_column][et_pb_column type=&#8220;1_2&#8243; _builder_version=&#8220;4.27.4&#8243; _module_preset=&#8220;default&#8220; animation_style=&#8220;slide&#8220; animation_direction=&#8220;bottom&#8220; animation_intensity_slide=&#8220;3%&#8220; global_colors_info=&#8220;{}&#8220;][et_pb_image src=&#8220;https:\/\/mjsandbox.bording-danmark.dk\/wp-content\/uploads\/2025\/08\/Software_upgrades_for_smarter_shredding_800x600px_.jpg&#8220; title_text=&#8220;Software-Upgrades f\u00fcr intelligenteres Aktenvernichten&#8220; _builder_version=&#8220;4.27.4&#8243; _module_preset=&#8220;default&#8220; global_colors_info=&#8220;{}&#8220;][\/et_pb_image][\/et_pb_column][\/et_pb_row][\/et_pb_section][et_pb_section fb_built=&#8220;1&#8243; custom_padding_last_edited=&#8220;on|phone&#8220; admin_label=&#8220;Section&#8220; module_id=&#8220;Upgrade auf E-Antrieb&#8220; module_class=&#8220;g-24&#8243; _builder_version=&#8220;4.27.4&#8243; _module_preset=&#8220;default&#8220; background_enable_color=&#8220;off&#8220; custom_padding=&#8220;96px||96px||true|false&#8220; custom_padding_tablet=&#8220;60px||60px||true|false&#8220; custom_padding_phone=&#8220;32px||32px||true|false&#8220; da_popup_slug=&#8220;upgrade-to-e-drive&#8220; da_disable_devices=&#8220;off|off|off&#8220; locked=&#8220;off&#8220; global_colors_info=&#8220;{}&#8220; da_is_popup=&#8220;off&#8220; da_exit_intent=&#8220;off&#8220; da_has_close=&#8220;on&#8220; da_alt_close=&#8220;off&#8220; da_dark_close=&#8220;off&#8220; da_not_modal=&#8220;on&#8220; da_is_singular=&#8220;off&#8220; da_with_loader=&#8220;off&#8220; da_has_shadow=&#8220;on&#8220;][et_pb_row column_structure=&#8220;1_2,1_2&#8243; make_equal=&#8220;on&#8220; module_class=&#8220;content-center&#8220; _builder_version=&#8220;4.27.4&#8243; _module_preset=&#8220;default&#8220; custom_padding=&#8220;0px||0px||true|false&#8220; global_colors_info=&#8220;{}&#8220;][et_pb_column type=&#8220;1_2&#8243; _builder_version=&#8220;4.27.4&#8243; _module_preset=&#8220;default&#8220; animation_style=&#8220;slide&#8220; animation_direction=&#8220;bottom&#8220; animation_intensity_slide=&#8220;3%&#8220; global_colors_info=&#8220;{}&#8220;][et_pb_image src=&#8220;https:\/\/mjsandbox.bording-danmark.dk\/wp-content\/uploads\/2025\/08\/Upgrade-from-hydraulic-to-electric-drive_800x600px_-4.jpg&#8220; title_text=&#8220;Umr\u00fcstung von Hydraulik- auf Elektroantrieb_800x600px_&#8220; _builder_version=&#8220;4.27.4&#8243; _module_preset=&#8220;default&#8220; global_colors_info=&#8220;{}&#8220;][\/et_pb_image][\/et_pb_column][et_pb_column type=&#8220;1_2&#8243; _builder_version=&#8220;4.27.4&#8243; _module_preset=&#8220;default&#8220; animation_style=&#8220;slide&#8220; animation_direction=&#8220;right&#8220; animation_intensity_slide=&#8220;2%&#8220; global_colors_info=&#8220;{}&#8220;][et_pb_blurb title=&#8220;Umr\u00fcstung von Hydraulik- auf Elektroantrieb&#8220; content_max_width=&#8220;1100px&#8220; module_id=&#8220;myM&amp;J&#8220; module_class=&#8220;text-box&#8220; _builder_version=&#8220;4.27.4&#8243; _module_preset=&#8220;default&#8220; header_level=&#8220;h3&#8243; header_font=&#8220;&#8211;et_global_heading_font|900|||||||&#8220; header_text_color=&#8220;#21282b&#8220; header_font_size=&#8220;40px&#8220; header_letter_spacing=&#8220;-0.8px&#8220; header_line_height=&#8220;1.1em&#8220; body_font=&#8220;Montserrat||||||||&#8220; body_line_height=&#8220;22px&#8220; header_font_size_tablet=&#8220;20px&#8220; header_font_size_phone=&#8220;20px&#8220; header_font_size_last_edited=&#8220;on|tablet&#8220; body_font_size_tablet=&#8220;14px&#8220; body_font_size_phone=&#8220;14px&#8220; body_font_size_last_edited=&#8220;on|tablet&#8220; global_colors_info=&#8220;{}&#8220;]<\/p>\n<p data-start=\"132\" data-end=\"277\">Sie m\u00f6chten Energiekosten senken und den Wartungsaufwand reduzieren? Dann r\u00fcsten Sie Ihren hydraulischen Vorzerkleinerer in nur zwei einfachen Schritten auf ein Elektromodell um. <\/p>\n<p data-start=\"279\" data-end=\"459\">Mit dieser intelligenten Nachr\u00fcstung k\u00f6nnen Sie im Laufe der Zeit aufr\u00fcsten, oft im Rahmen Ihres bestehenden Betriebsbudgets. Profitieren Sie von allen Vorteilen der eDrive-Effizienz ohne die Anschaffungskosten eines neuen Aktenvernichters. <\/p>\n<p>Erfahren Sie unten mehr \u00fcber die Vorteile des einzigartigen eDrive von M&amp;J \u2013 unseres <span>Energiesparsystems<\/span> ReCapture und unserer intelligenten Optimierungssoftware UltraBoost:<\/p>\n<p>[\/et_pb_blurb][et_pb_button button_url=&#8220;@ET-DC@eyJkeW5hbWljIjp0cnVlLCJjb250ZW50IjoicG9zdF9saW5rX3VybF9wZXJmb3JtYW5jZSIsInNldHRpbmdzIjp7InBvc3RfaWQiOiIxODQ1IiwiZW5hYmxlX2h0bWwiOiJvZmYifX0=@&#8220; button_text=&#8220;Mehr \u00fcber ReCapture erfahren&#8220; button_alignment=&#8220;left&#8220; _builder_version=&#8220;4.27.4&#8243; _dynamic_attributes=&#8220;button_url&#8220; _module_preset=&#8220;default&#8220; custom_button=&#8220;on&#8220; button_text_size=&#8220;16px&#8220; button_text_color=&#8220;#21282b&#8220; button_border_width=&#8220;2px&#8220; button_border_color=&#8220;#21282b&#8220; button_border_radius=&#8220;0px&#8220; button_font=&#8220;Montserrat|500|||||||&#8220; button_icon=&#8220;&#x22;||divi||400&#8243; custom_margin=&#8220;||||false|false&#8220; button_text_size_tablet=&#8220;16px&#8220; button_text_size_phone=&#8220;14px&#8220; button_text_size_last_edited=&#8220;on|phone&#8220; global_colors_info=&#8220;{}&#8220;][\/et_pb_button][et_pb_button button_url=&#8220;@ET-DC@eyJkeW5hbWljIjp0cnVlLCJjb250ZW50IjoicG9zdF9saW5rX3VybF9wZXJmb3JtYW5jZSIsInNldHRpbmdzIjp7InBvc3RfaWQiOiIxODQ2IiwiZW5hYmxlX2h0bWwiOiJvZmYifX0=@&#8220; button_text=&#8220;Mehr \u00fcber UltraBoost erfahren&#8220; button_alignment=&#8220;left&#8220; _builder_version=&#8220;4.27.4&#8243; _dynamic_attributes=&#8220;button_url&#8220; _module_preset=&#8220;default&#8220; custom_button=&#8220;on&#8220; button_text_size=&#8220;16px&#8220; button_text_color=&#8220;#FFFFFF&#8220; button_bg_color=&#8220;#21282b&#8220; button_border_width=&#8220;2px&#8220; button_border_color=&#8220;#21282b&#8220; button_border_radius=&#8220;0px&#8220; button_font=&#8220;&#8211;et_global_body_font|600|||||||&#8220; custom_margin=&#8220;||0px||false|false&#8220; button_text_size_tablet=&#8220;16px&#8220; button_text_size_phone=&#8220;14px&#8220; button_text_size_last_edited=&#8220;on|phone&#8220; global_colors_info=&#8220;{}&#8220;][\/et_pb_button][\/et_pb_column][\/et_pb_row][\/et_pb_section]<\/p>\n","protected":false},"excerpt":{"rendered":"<p>Damit Ihr Aktenvernichter immer in Top-Zustand ist und die, haben wir myM&amp;J Performance entwickelt, eine digitale L\u00f6sung, die Ihnen Echtzeit-Einblicke in den Betrieb Ihres Aktenvernichters bietet. Durch Cloud-basiertes Monitoring k\u00f6nnen Sie Betriebszeit, Energieverbrauch, Verschlei\u00df und mehr direkt auf Ihrem Bildschirm einsehen. Mit den Daten auf Knopfdruck k\u00f6nnen Sie Ausfallzeiten vermeiden, Wartungsarbeiten planen und die Gesamteffizienz [&hellip;]<\/p>\n","protected":false},"author":1,"featured_media":5792,"parent":8558,"menu_order":0,"comment_status":"closed","ping_status":"closed","template":"","meta":{"_acf_changed":false,"_et_pb_use_builder":"on","_et_pb_old_content":"","_et_gb_content_width":"","bdk_page_class":"","footnotes":""},"class_list":["post-9172","page","type-page","status-publish","has-post-thumbnail","hentry"],"acf":[],"yoast_head":"<!-- This site is optimized with the Yoast SEO plugin v27.3 - https:\/\/yoast.com\/product\/yoast-seo-wordpress\/ -->\n<title>Intelligente Upgrades von M&amp;J Superior Recycling Technology<\/title>\n<meta name=\"description\" content=\"Entdecken Sie die intelligenten Upgrades von M&amp;J und erfahren Sie, wie wir Sie vor und nach der Investition in einen Vor- oder Feinzerkleinerer von M&amp;J unterst\u00fctzen.\" \/>\n<meta name=\"robots\" content=\"noindex, follow, max-snippet:-1, max-image-preview:large, max-video-preview:-1\" \/>\n<meta property=\"og:locale\" content=\"de_DE\" \/>\n<meta property=\"og:type\" content=\"article\" \/>\n<meta property=\"og:title\" content=\"Intelligente Upgrades von M&amp;J Superior Recycling Technology\" \/>\n<meta property=\"og:description\" content=\"Entdecken Sie die intelligenten Upgrades von M&amp;J und erfahren Sie, wie wir Sie vor und nach der Investition in einen Vor- oder Feinzerkleinerer von M&amp;J unterst\u00fctzen.\" \/>\n<meta property=\"og:url\" content=\"https:\/\/mjsandbox.bording-danmark.dk\/de\/dienstleistungen\/intelligente-upgrades\/\" \/>\n<meta property=\"og:site_name\" content=\"M&amp;J\" \/>\n<meta property=\"article:modified_time\" content=\"2025-10-29T05:00:58+00:00\" \/>\n<meta property=\"og:image\" content=\"https:\/\/mjsandbox.bording-danmark.dk\/wp-content\/uploads\/2025\/06\/P250e_ShreddingBags_Gallery.jpg\" \/>\n\t<meta property=\"og:image:width\" content=\"840\" \/>\n\t<meta property=\"og:image:height\" content=\"515\" \/>\n\t<meta property=\"og:image:type\" content=\"image\/jpeg\" \/>\n<meta name=\"twitter:card\" content=\"summary_large_image\" \/>\n<meta name=\"twitter:label1\" content=\"Gesch\u00e4tzte Lesezeit\" \/>\n\t<meta name=\"twitter:data1\" content=\"9\u00a0Minuten\" \/>\n<script type=\"application\/ld+json\" class=\"yoast-schema-graph\">{\"@context\":\"https:\\\/\\\/schema.org\",\"@graph\":[{\"@type\":\"WebPage\",\"@id\":\"https:\\\/\\\/mjsandbox.bording-danmark.dk\\\/de\\\/dienstleistungen\\\/intelligente-upgrades\\\/\",\"url\":\"https:\\\/\\\/mjsandbox.bording-danmark.dk\\\/de\\\/dienstleistungen\\\/intelligente-upgrades\\\/\",\"name\":\"Intelligente Upgrades von M&J Superior Recycling Technology\",\"isPartOf\":{\"@id\":\"https:\\\/\\\/mjsandbox.bording-danmark.dk\\\/de\\\/#website\"},\"primaryImageOfPage\":{\"@id\":\"https:\\\/\\\/mjsandbox.bording-danmark.dk\\\/de\\\/dienstleistungen\\\/intelligente-upgrades\\\/#primaryimage\"},\"image\":{\"@id\":\"https:\\\/\\\/mjsandbox.bording-danmark.dk\\\/de\\\/dienstleistungen\\\/intelligente-upgrades\\\/#primaryimage\"},\"thumbnailUrl\":\"https:\\\/\\\/mjsandbox.bording-danmark.dk\\\/wp-content\\\/uploads\\\/2025\\\/06\\\/P250e_ShreddingBags_Gallery.jpg\",\"datePublished\":\"2025-07-03T09:53:33+00:00\",\"dateModified\":\"2025-10-29T05:00:58+00:00\",\"description\":\"Entdecken Sie die intelligenten Upgrades von M&J und erfahren Sie, wie wir Sie vor und nach der Investition in einen Vor- oder Feinzerkleinerer von M&J unterst\u00fctzen.\",\"breadcrumb\":{\"@id\":\"https:\\\/\\\/mjsandbox.bording-danmark.dk\\\/de\\\/dienstleistungen\\\/intelligente-upgrades\\\/#breadcrumb\"},\"inLanguage\":\"de\",\"potentialAction\":[{\"@type\":\"ReadAction\",\"target\":[\"https:\\\/\\\/mjsandbox.bording-danmark.dk\\\/de\\\/dienstleistungen\\\/intelligente-upgrades\\\/\"]}]},{\"@type\":\"ImageObject\",\"inLanguage\":\"de\",\"@id\":\"https:\\\/\\\/mjsandbox.bording-danmark.dk\\\/de\\\/dienstleistungen\\\/intelligente-upgrades\\\/#primaryimage\",\"url\":\"https:\\\/\\\/mjsandbox.bording-danmark.dk\\\/wp-content\\\/uploads\\\/2025\\\/06\\\/P250e_ShreddingBags_Gallery.jpg\",\"contentUrl\":\"https:\\\/\\\/mjsandbox.bording-danmark.dk\\\/wp-content\\\/uploads\\\/2025\\\/06\\\/P250e_ShreddingBags_Gallery.jpg\",\"width\":840,\"height\":515},{\"@type\":\"BreadcrumbList\",\"@id\":\"https:\\\/\\\/mjsandbox.bording-danmark.dk\\\/de\\\/dienstleistungen\\\/intelligente-upgrades\\\/#breadcrumb\",\"itemListElement\":[{\"@type\":\"ListItem\",\"position\":1,\"name\":\"Home\",\"item\":\"https:\\\/\\\/mjsandbox.bording-danmark.dk\\\/de\\\/home\\\/\"},{\"@type\":\"ListItem\",\"position\":2,\"name\":\"Dienstleistungen\",\"item\":\"https:\\\/\\\/mjsandbox.bording-danmark.dk\\\/de\\\/dienstleistungen\\\/\"},{\"@type\":\"ListItem\",\"position\":3,\"name\":\"Intelligente Upgrades\"}]},{\"@type\":\"WebSite\",\"@id\":\"https:\\\/\\\/mjsandbox.bording-danmark.dk\\\/de\\\/#website\",\"url\":\"https:\\\/\\\/mjsandbox.bording-danmark.dk\\\/de\\\/\",\"name\":\"M&J Recycling\",\"description\":\"\",\"potentialAction\":[{\"@type\":\"SearchAction\",\"target\":{\"@type\":\"EntryPoint\",\"urlTemplate\":\"https:\\\/\\\/mjsandbox.bording-danmark.dk\\\/de\\\/?s={search_term_string}\"},\"query-input\":{\"@type\":\"PropertyValueSpecification\",\"valueRequired\":true,\"valueName\":\"search_term_string\"}}],\"inLanguage\":\"de\"}]}<\/script>\n<!-- \/ Yoast SEO plugin. -->","yoast_head_json":{"title":"Intelligente Upgrades von M&J Superior Recycling Technology","description":"Entdecken Sie die intelligenten Upgrades von M&J und erfahren Sie, wie wir Sie vor und nach der Investition in einen Vor- oder Feinzerkleinerer von M&J unterst\u00fctzen.","robots":{"index":"noindex","follow":"follow","max-snippet":"max-snippet:-1","max-image-preview":"max-image-preview:large","max-video-preview":"max-video-preview:-1"},"og_locale":"de_DE","og_type":"article","og_title":"Intelligente Upgrades von M&J Superior Recycling Technology","og_description":"Entdecken Sie die intelligenten Upgrades von M&J und erfahren Sie, wie wir Sie vor und nach der Investition in einen Vor- oder Feinzerkleinerer von M&J unterst\u00fctzen.","og_url":"https:\/\/mjsandbox.bording-danmark.dk\/de\/dienstleistungen\/intelligente-upgrades\/","og_site_name":"M&amp;J","article_modified_time":"2025-10-29T05:00:58+00:00","og_image":[{"width":840,"height":515,"url":"https:\/\/mjsandbox.bording-danmark.dk\/wp-content\/uploads\/2025\/06\/P250e_ShreddingBags_Gallery.jpg","type":"image\/jpeg"}],"twitter_card":"summary_large_image","twitter_misc":{"Gesch\u00e4tzte Lesezeit":"9\u00a0Minuten"},"schema":{"@context":"https:\/\/schema.org","@graph":[{"@type":"WebPage","@id":"https:\/\/mjsandbox.bording-danmark.dk\/de\/dienstleistungen\/intelligente-upgrades\/","url":"https:\/\/mjsandbox.bording-danmark.dk\/de\/dienstleistungen\/intelligente-upgrades\/","name":"Intelligente Upgrades von M&J Superior Recycling Technology","isPartOf":{"@id":"https:\/\/mjsandbox.bording-danmark.dk\/de\/#website"},"primaryImageOfPage":{"@id":"https:\/\/mjsandbox.bording-danmark.dk\/de\/dienstleistungen\/intelligente-upgrades\/#primaryimage"},"image":{"@id":"https:\/\/mjsandbox.bording-danmark.dk\/de\/dienstleistungen\/intelligente-upgrades\/#primaryimage"},"thumbnailUrl":"https:\/\/mjsandbox.bording-danmark.dk\/wp-content\/uploads\/2025\/06\/P250e_ShreddingBags_Gallery.jpg","datePublished":"2025-07-03T09:53:33+00:00","dateModified":"2025-10-29T05:00:58+00:00","description":"Entdecken Sie die intelligenten Upgrades von M&J und erfahren Sie, wie wir Sie vor und nach der Investition in einen Vor- oder Feinzerkleinerer von M&J unterst\u00fctzen.","breadcrumb":{"@id":"https:\/\/mjsandbox.bording-danmark.dk\/de\/dienstleistungen\/intelligente-upgrades\/#breadcrumb"},"inLanguage":"de","potentialAction":[{"@type":"ReadAction","target":["https:\/\/mjsandbox.bording-danmark.dk\/de\/dienstleistungen\/intelligente-upgrades\/"]}]},{"@type":"ImageObject","inLanguage":"de","@id":"https:\/\/mjsandbox.bording-danmark.dk\/de\/dienstleistungen\/intelligente-upgrades\/#primaryimage","url":"https:\/\/mjsandbox.bording-danmark.dk\/wp-content\/uploads\/2025\/06\/P250e_ShreddingBags_Gallery.jpg","contentUrl":"https:\/\/mjsandbox.bording-danmark.dk\/wp-content\/uploads\/2025\/06\/P250e_ShreddingBags_Gallery.jpg","width":840,"height":515},{"@type":"BreadcrumbList","@id":"https:\/\/mjsandbox.bording-danmark.dk\/de\/dienstleistungen\/intelligente-upgrades\/#breadcrumb","itemListElement":[{"@type":"ListItem","position":1,"name":"Home","item":"https:\/\/mjsandbox.bording-danmark.dk\/de\/home\/"},{"@type":"ListItem","position":2,"name":"Dienstleistungen","item":"https:\/\/mjsandbox.bording-danmark.dk\/de\/dienstleistungen\/"},{"@type":"ListItem","position":3,"name":"Intelligente Upgrades"}]},{"@type":"WebSite","@id":"https:\/\/mjsandbox.bording-danmark.dk\/de\/#website","url":"https:\/\/mjsandbox.bording-danmark.dk\/de\/","name":"M&J Recycling","description":"","potentialAction":[{"@type":"SearchAction","target":{"@type":"EntryPoint","urlTemplate":"https:\/\/mjsandbox.bording-danmark.dk\/de\/?s={search_term_string}"},"query-input":{"@type":"PropertyValueSpecification","valueRequired":true,"valueName":"search_term_string"}}],"inLanguage":"de"}]}},"_links":{"self":[{"href":"https:\/\/mjsandbox.bording-danmark.dk\/de\/wp-json\/wp\/v2\/pages\/9172","targetHints":{"allow":["GET"]}}],"collection":[{"href":"https:\/\/mjsandbox.bording-danmark.dk\/de\/wp-json\/wp\/v2\/pages"}],"about":[{"href":"https:\/\/mjsandbox.bording-danmark.dk\/de\/wp-json\/wp\/v2\/types\/page"}],"author":[{"embeddable":true,"href":"https:\/\/mjsandbox.bording-danmark.dk\/de\/wp-json\/wp\/v2\/users\/1"}],"replies":[{"embeddable":true,"href":"https:\/\/mjsandbox.bording-danmark.dk\/de\/wp-json\/wp\/v2\/comments?post=9172"}],"version-history":[{"count":0,"href":"https:\/\/mjsandbox.bording-danmark.dk\/de\/wp-json\/wp\/v2\/pages\/9172\/revisions"}],"up":[{"embeddable":true,"href":"https:\/\/mjsandbox.bording-danmark.dk\/de\/wp-json\/wp\/v2\/pages\/8558"}],"wp:featuredmedia":[{"embeddable":true,"href":"https:\/\/mjsandbox.bording-danmark.dk\/de\/wp-json\/wp\/v2\/media\/5792"}],"wp:attachment":[{"href":"https:\/\/mjsandbox.bording-danmark.dk\/de\/wp-json\/wp\/v2\/media?parent=9172"}],"curies":[{"name":"wp","href":"https:\/\/api.w.org\/{rel}","templated":true}]}}